{"id":18,"date":"2017-09-27T08:29:29","date_gmt":"2017-09-27T05:29:29","guid":{"rendered":"http:\/\/localhost\/muqeen\/\/?page_id=18"},"modified":"2021-11-26T20:19:32","modified_gmt":"2021-11-26T17:19:32","slug":"contact","status":"publish","type":"page","link":"https:\/\/www.muqeen.com\/en\/contact","title":{"rendered":"Contacts"},"content":{"rendered":"<p>[vc_row equal_height=&#8221;yes&#8221; css=&#8221;.vc_custom_1595602388707{margin-right: 0px !important;margin-bottom: 20px !important;margin-left: 0px !important;}&#8221;][vc_column width=&#8221;2\/3&#8243; css=&#8221;.vc_custom_1513048602768{background-color: #ffffff !important;}&#8221; el_class=&#8221;shadow&#8221;][vc_empty_space height=&#8221;50px&#8221;][vc_row_inner][vc_column_inner width=&#8221;1\/12&#8243;][\/vc_column_inner][vc_column_inner width=&#8221;5\/6&#8243;][vc_column_text]<\/p>\n<h3 class=\"no-margin-top\" style=\"text-align: center;\">Contact Us<\/h3>\n<p>[\/vc_column_text][vc_empty_space height=&#8221;10px&#8221;][vc_column_text]<\/p>\n<p style=\"text-align: center;\">Do not hesitate to ask about your requests or concerns.<\/p>\n<p>[\/vc_column_text][vc_empty_space height=&#8221;35px&#8221;][contact-form-7 id=&#8221;1713&#8243;][vc_empty_space height=&#8221;20px&#8221;][vc_column_text]<\/p>\n<p style=\"text-align: center; font-size: 13px;\">You can use info@muqeen.com to contact by e-mail.<\/p>\n<p>[\/vc_column_text][\/vc_column_inner][vc_column_inner width=&#8221;1\/12&#8243;][\/vc_column_inner][\/vc_row_inner][vc_empty_space height=&#8221;90px&#8221;][vc_column_text]<\/p>\n<h3 class=\"no-margin-top\" style=\"text-align: center;\">Where are we?<\/h3>\n<p>[\/vc_column_text][vc_empty_space height=&#8221;10px&#8221;][vc_column_text]<\/p>\n<p style=\"text-align: center;\">Kavakl\u0131 mah. Hayati sok. no:44 Selimpa\u015fa \u0130stanbul \/ T\u00fcrkiye<\/p>\n<p>[\/vc_column_text][vc_empty_space height=&#8221;35px&#8221;][vc_wp_text]<iframe loading=\"lazy\" style=\"border: 0;\" tabindex=\"0\" src=\"https:\/\/www.google.com\/maps\/embed?pb=!1m14!1m8!1m3!1d12030.85559070383!2d28.3213759!3d41.0752461!3m2!1i1024!2i768!4f13.1!3m3!1m2!1s0x0%3A0xe81d0b84208bd5c2!2zTXVxZWVuIEdlcmkgRMO2bsO8xZ_DvG0gTWFraW5hbGFyxLEgTHRkLiDFnnRpLg!5e0!3m2!1str!2str!4v1599292942428!5m2!1str!2str\" width=\"100%\" height=\"350px\" frameborder=\"0\" allowfullscreen=\"allowfullscreen\" aria-hidden=\"false\"><\/iframe>[\/vc_wp_text][\/vc_column][vc_column width=&#8221;1\/3&#8243; css=&#8221;.vc_custom_1513048549225{padding-top: 90px !important;padding-right: 50px !important;padding-bottom: 50px !important;padding-left: 50px !important;background-color: #f2f2f3 !important;}&#8221;][vc_column_text]<\/p>\n<h5 class=\"no-margin-top\"><i class=\"fas fa-phone\"><\/i> Telephone:<\/h5>\n<p>[\/vc_column_text][vc_empty_space height=&#8221;20px&#8221;]<ul class=\"iconlist iconlist iconlist-icon-mini \"><li ><div class=\"iconlist-item-icon\"><img decoding=\"async\" src=\"https:\/\/www.muqeen.com\/en\/wp-content\/uploads\/2020\/07\/800px-Flag_of_Turkey.png\" alt=\"800px-Flag_of_Turkey\" \/><span class=\"shapes\"><\/span><\/div><div class=\"iconlist-item-content\"><a href=\"tel:+905362000361\">+90 (536) 200 0361<\/a><\/div><\/li><\/ul>[vc_empty_space height=&#8221;50px&#8221;][vc_column_text]<\/p>\n<h5 style=\"margin: 0 0 10px 0;\"><i class=\"fas fa-map-marker\"><\/i> Adress<\/h5>\n<p>Kavakl\u0131 mah. Hayati sok. no:44 Selimpa\u015fa \u0130stanbul \/ T\u00fcrkiye[\/vc_column_text][vc_empty_space height=&#8221;50px&#8221;][vc_column_text]<\/p>\n<h5 style=\"margin: 0 0 10px 0;\"><i class=\"fas fa-envelope\"><\/i> E-mail:<\/h5>\n<p style=\"margin: 0 0 10px 0;\"><a style=\"font-size: 16px;\" href=\"mailto:info@muqeen.com\">info@muqeen.com<\/a><\/p>\n<p><a href=\"mailto:kutanlar@hotmail.com\">kutanlar@hotmail.com<\/a>[\/vc_column_text][vc_empty_space height=&#8221;50px&#8221;][vc_column_text]<\/p>\n<h5 style=\"margin: 0 0 10px 0;\"><i class=\"fas fa-question-circle\"><\/i> Information<\/h5>\n<p>Your satisfaction is our goal &#8230; that&#8217;s why we strive to reach you anytime, anywhere[\/vc_column_text][\/vc_column][\/vc_row]<\/p>\n","protected":false},"excerpt":{"rendered":"<p>[vc_row equal_height=&#8221;yes&#8221; css=&#8221;.vc_custom_1595602388707{margin-right: 0px !important;margin-bottom: 20px !important;margin-left: 0px !important;}&#8221;][vc_column width=&#8221;2\/3&#8243; css=&#8221;.vc_custom_1513048602768{background-color: #ffffff !important;}&#8221; el_class=&#8221;shadow&#8221;][vc_empty_space height=&#8221;50px&#8221;][vc_row_inner][vc_column_inner width=&#8221;1\/12&#8243;][\/vc_column_inner][vc_column_inner width=&#8221;5\/6&#8243;][vc_column_text] Contact Us [\/vc_column_text][vc_empty_space height=&#8221;10px&#8221;][vc_column_text] Do not hesitate to ask about your requests or concerns. [\/vc_column_text][vc_empty_space height=&#8221;35px&#8221;][contact-form-7 id=&#8221;1713&#8243;][vc_empty_space height=&#8221;20px&#8221;][vc_column_text] You can use info@muqeen.com to contact by e-mail. [\/vc_column_text][\/vc_column_inner][vc_column_inner width=&#8221;1\/12&#8243;][\/vc_column_inner][\/vc_row_inner][vc_empty_space height=&#8221;90px&#8221;][vc_column_text] Where are we? [\/vc_column_text][vc_empty_space height=&#8221;10px&#8221;][vc_column_text] Kavakl\u0131 mah. Hayati sok. [&hellip;]<\/p>\n","protected":false},"author":1,"featured_media":0,"parent":0,"menu_order":0,"comment_status":"closed","ping_status":"closed","template":"","meta":{"footnotes":""},"aioseo_notices":[],"_links":{"self":[{"href":"https:\/\/www.muqeen.com\/en\/wp-json\/wp\/v2\/pages\/18"}],"collection":[{"href":"https:\/\/www.muqeen.com\/en\/wp-json\/wp\/v2\/pages"}],"about":[{"href":"https:\/\/www.muqeen.com\/en\/wp-json\/wp\/v2\/types\/page"}],"author":[{"embeddable":true,"href":"https:\/\/www.muqeen.com\/en\/wp-json\/wp\/v2\/users\/1"}],"replies":[{"embeddable":true,"href":"https:\/\/www.muqeen.com\/en\/wp-json\/wp\/v2\/comments?post=18"}],"version-history":[{"count":40,"href":"https:\/\/www.muqeen.com\/en\/wp-json\/wp\/v2\/pages\/18\/revisions"}],"predecessor-version":[{"id":3527,"href":"https:\/\/www.muqeen.com\/en\/wp-json\/wp\/v2\/pages\/18\/revisions\/3527"}],"wp:attachment":[{"href":"https:\/\/www.muqeen.com\/en\/wp-json\/wp\/v2\/media?parent=18"}],"curies":[{"name":"wp","href":"https:\/\/api.w.org\/{rel}","templated":true}]}}