{"id":2014,"date":"2020-07-26T18:55:46","date_gmt":"2020-07-26T15:55:46","guid":{"rendered":"http:\/\/localhost\/muqeen\/?page_id=2014"},"modified":"2021-10-29T14:15:04","modified_gmt":"2021-10-29T11:15:04","slug":"solid-waste-sorting-plants","status":"publish","type":"page","link":"https:\/\/www.muqeen.com\/en\/solid-waste-sorting-plants","title":{"rendered":"Solid Waste Sorting Plants"},"content":{"rendered":"<p>[vc_row content_placement=&#8221;middle&#8221; css=&#8221;.vc_custom_1513242459608{padding-top: 20px !important;padding-bottom: 40px !important;}&#8221;][vc_column][vc_images_carousel images=&#8221;2957,2954&#8243; img_size=&#8221;full&#8221; onclick=&#8221;link_no&#8221; speed=&#8221;4000&#8243; autoplay=&#8221;yes&#8221; wrap=&#8221;yes&#8221;][vc_empty_space height=&#8221;25px&#8221;][vc_row_inner][vc_column_inner][vc_column_text]<\/p>\n<h3 class=\"no-margin-top\">FULLY AUTOMATIC SOLID WASTE SORTING PLANTS<\/h3>\n<p>It is the plant where the sorting process is mostly processed by mechanical equipment, optical separators and personnel mostly positioned for quality control and operation.<\/p>\n<p>In a fully automatic sorting plant, there are usually machines such as feeding crane, bag opener, drum screen, ballistic separator, optical separator, magnetic separator, aluminum separator and baler press.<\/p>\n<p>In the design of these plants, analysis of waste, recycling materials to be separated, capacity, labor costs these factors are taken into consideration.<\/p>\n<p>Plant design is planned according the results of the feasibility study conducted.<\/p>\n<p>The sorting efficiency is high compared to manual sorting plant, it can easily recognize materials that people have difficulty to distinguish, and working performance remain constant throughout the shift.<\/p>\n<p>In addition, due to the processes carried out by machinery for sorting (for example, the ballistic separator whisking the material, the optical separator sortes by blowing air), the sorted material appears pure and clean.[\/vc_column_text][\/vc_column_inner][\/vc_row_inner][vc_empty_space height=&#8221;50px&#8221;][vc_row_inner][vc_column_inner width=&#8221;1\/3&#8243;][vc_single_image image=&#8221;2616&#8243; img_size=&#8221;full&#8221; alignment=&#8221;center&#8221;][\/vc_column_inner][vc_column_inner width=&#8221;1\/3&#8243;][vc_single_image image=&#8221;2617&#8243; img_size=&#8221;full&#8221; alignment=&#8221;center&#8221;][\/vc_column_inner][vc_column_inner width=&#8221;1\/3&#8243;][vc_single_image image=&#8221;2619&#8243; img_size=&#8221;full&#8221; alignment=&#8221;center&#8221;][\/vc_column_inner][\/vc_row_inner][vc_empty_space height=&#8221;25px&#8221;][vc_row_inner][vc_column_inner width=&#8221;1\/3&#8243;][vc_single_image image=&#8221;2615&#8243; img_size=&#8221;full&#8221; alignment=&#8221;center&#8221; onclick=&#8221;custom_link&#8221; link=&#8221;\/medya&#8221;][\/vc_column_inner][vc_column_inner width=&#8221;1\/3&#8243;][vc_single_image image=&#8221;2618&#8243; img_size=&#8221;full&#8221; alignment=&#8221;center&#8221; onclick=&#8221;custom_link&#8221; link=&#8221;\/teklif&#8221;][\/vc_column_inner][vc_column_inner width=&#8221;1\/3&#8243;][vc_single_image image=&#8221;2636&#8243; img_size=&#8221;full&#8221; alignment=&#8221;center&#8221; onclick=&#8221;custom_link&#8221; link=&#8221;\/iletisim&#8221;][\/vc_column_inner][\/vc_row_inner][vc_empty_space height=&#8221;50px&#8221;][vc_gallery type=&#8221;image_grid&#8221; images=&#8221;2657,2658,2659,2660,2661,2662,2663,2664&#8243; img_size=&#8221;full&#8221;][vc_empty_space height=&#8221;50px&#8221;][vc_column_text]<\/p>\n<h3 class=\"no-margin-top\">Solid Wate Sorting Plants<\/h3>\n<p>[\/vc_column_text][\/vc_column][\/vc_row][vc_row][vc_column width=&#8221;1\/3&#8243;]\n<!-- BEGIN .imagebox -->\n<div class=\"imagebox   vc_custom_1601473569483\">\n\t\n\t\t<div class=\"box-header\">\n\t\t\t<h3 class=\"box-title\">\n\t\t\t\t<a href=\"\/manual-cop-ayristirma-tesisleri\" target=\"_self\">\n\t\t\t\t\tManual Kat\u0131 At\u0131k Ayr\u0131\u015ft\u0131rma Tesisleri\t\t\t\t<\/a>\n\t\t\t<\/h3>\n\n\t\t\t\t\t<\/div>\n\n\t\t<div class=\"box-content\"><p>D\u00fc\u015f\u00fck kapasite ve personel maliyetlerinin d\u00fc\u015f\u00fck oldu\u011fu b\u00f6lgelerde ideal \u00e7\u00f6z\u00fcmd\u00fcr.<\/p>\n<\/div>\n\n\t\t<div class=\"box-image\">\n\t\t\t<a href=\"\/manual-cop-ayristirma-tesisleri\" target=\"_self\">\n\t\t\t\t\t\t\t\t\t<div class=\"box-button button\">\t\n\t\t\t\t\t\t<span>Detaylar\u0131 incele<\/span><i class=\"ion-log-in\"><\/i>\n\t\t\t\t\t<\/div>\n\t\t\t\t\n\t\t\t\t<img loading=\"lazy\" decoding=\"async\" class=\"\" src=\"https:\/\/www.muqeen.com\/en\/wp-content\/uploads\/2020\/07\/FormatFactoryfabrik2-800x350.jpg\" width=\"800\" height=\"350\" alt=\"FormatFactoryfabrik2\" title=\"FormatFactoryfabrik2\" \/>\t\t\t<\/a>\n\t\t<\/div>\n\t<\/div>\n<!-- End .imagebox -->\n[vc_empty_space height=&#8221;30px&#8221;][\/vc_column][vc_column width=&#8221;1\/3&#8243;]\n<!-- BEGIN .imagebox -->\n<div class=\"imagebox   vc_custom_1601473593652\">\n\t\n\t\t<div class=\"box-header\">\n\t\t\t<h3 class=\"box-title\">\n\t\t\t\t<a href=\"\/yari-otomatik-manual-cop-ayristirma-tesisleri\" target=\"_self\">\n\t\t\t\t\tYar\u0131 Otomatik Kat\u0131 At\u0131k Ayr\u0131\u015ft\u0131rma Tesisleri\t\t\t\t<\/a>\n\t\t\t<\/h3>\n\n\t\t\t\t\t<\/div>\n\n\t\t<div class=\"box-content\"><p>Mekanik ekipmanlar vas\u0131tas\u0131yla malzemeler yar\u0131 otomatik olarak ayr\u0131\u015ft\u0131r\u0131l\u0131r.<\/p>\n<\/div>\n\n\t\t<div class=\"box-image\">\n\t\t\t<a href=\"\/yari-otomatik-manual-cop-ayristirma-tesisleri\" target=\"_self\">\n\t\t\t\t\t\t\t\t\t<div class=\"box-button button\">\t\n\t\t\t\t\t\t<span>Detaylar\u0131 incele<\/span><i class=\"ion-log-in\"><\/i>\n\t\t\t\t\t<\/div>\n\t\t\t\t\n\t\t\t\t<img loading=\"lazy\" decoding=\"async\" class=\"\" src=\"https:\/\/www.muqeen.com\/en\/wp-content\/uploads\/2020\/07\/FormatFactoryIMAG1356201-800x350.jpg\" width=\"800\" height=\"350\" alt=\"FormatFactoryIMAG1356(1)\" title=\"FormatFactoryIMAG1356(1)\" \/>\t\t\t<\/a>\n\t\t<\/div>\n\t<\/div>\n<!-- End .imagebox -->\n[vc_empty_space height=&#8221;30px&#8221;][\/vc_column][vc_column width=&#8221;1\/3&#8243;]\n<!-- BEGIN .imagebox -->\n<div class=\"imagebox   vc_custom_1601473604876\">\n\t\n\t\t<div class=\"box-header\">\n\t\t\t<h3 class=\"box-title\">\n\t\t\t\t<a href=\"\/tam-otomatik-cop-ayristirma-tesisleri\" target=\"_self\">\n\t\t\t\t\tTam Otomatik Kat\u0131 At\u0131k Ayr\u0131\u015ft\u0131rma Tesisleri\t\t\t\t<\/a>\n\t\t\t<\/h3>\n\n\t\t\t\t\t<\/div>\n\n\t\t<div class=\"box-content\"><p>Ayr\u0131\u015ft\u0131rma i\u00e7in en iyi sonucu tam otomatik sistem vermektedir.<\/p>\n<\/div>\n\n\t\t<div class=\"box-image\">\n\t\t\t<a href=\"\/tam-otomatik-cop-ayristirma-tesisleri\" target=\"_self\">\n\t\t\t\t\t\t\t\t\t<div class=\"box-button button\">\t\n\t\t\t\t\t\t<span>Detaylar\u0131 incele<\/span><i class=\"ion-log-in\"><\/i>\n\t\t\t\t\t<\/div>\n\t\t\t\t\n\t\t\t\t<img loading=\"lazy\" decoding=\"async\" class=\"\" src=\"https:\/\/www.muqeen.com\/en\/wp-content\/uploads\/2020\/07\/FormatFactoryIMG_2991201-800x350.jpg\" width=\"800\" height=\"350\" alt=\"FormatFactoryIMG_2991(1)\" title=\"FormatFactoryIMG_2991(1)\" \/>\t\t\t<\/a>\n\t\t<\/div>\n\t<\/div>\n<!-- End .imagebox -->\n[vc_empty_space height=&#8221;30px&#8221;][\/vc_column][\/vc_row]<\/p>\n","protected":false},"excerpt":{"rendered":"<p>[vc_row content_placement=&#8221;middle&#8221; css=&#8221;.vc_custom_1513242459608{padding-top: 20px !important;padding-bottom: 40px !important;}&#8221;][vc_column][vc_images_carousel images=&#8221;2957,2954&#8243; img_size=&#8221;full&#8221; onclick=&#8221;link_no&#8221; speed=&#8221;4000&#8243; autoplay=&#8221;yes&#8221; wrap=&#8221;yes&#8221;][vc_empty_space height=&#8221;25px&#8221;][vc_row_inner][vc_column_inner][vc_column_text] FULLY AUTOMATIC SOLID WASTE SORTING PLANTS It is the plant where the sorting process is mostly processed by mechanical equipment, optical separators and personnel mostly positioned for quality control and operation. In a fully automatic sorting plant, there are usually machines [&hellip;]<\/p>\n","protected":false},"author":1,"featured_media":0,"parent":0,"menu_order":0,"comment_status":"closed","ping_status":"closed","template":"","meta":{"footnotes":""},"aioseo_notices":[],"_links":{"self":[{"href":"https:\/\/www.muqeen.com\/en\/wp-json\/wp\/v2\/pages\/2014"}],"collection":[{"href":"https:\/\/www.muqeen.com\/en\/wp-json\/wp\/v2\/pages"}],"about":[{"href":"https:\/\/www.muqeen.com\/en\/wp-json\/wp\/v2\/types\/page"}],"author":[{"embeddable":true,"href":"https:\/\/www.muqeen.com\/en\/wp-json\/wp\/v2\/users\/1"}],"replies":[{"embeddable":true,"href":"https:\/\/www.muqeen.com\/en\/wp-json\/wp\/v2\/comments?post=2014"}],"version-history":[{"count":25,"href":"https:\/\/www.muqeen.com\/en\/wp-json\/wp\/v2\/pages\/2014\/revisions"}],"predecessor-version":[{"id":3595,"href":"https:\/\/www.muqeen.com\/en\/wp-json\/wp\/v2\/pages\/2014\/revisions\/3595"}],"wp:attachment":[{"href":"https:\/\/www.muqeen.com\/en\/wp-json\/wp\/v2\/media?parent=2014"}],"curies":[{"name":"wp","href":"https:\/\/api.w.org\/{rel}","templated":true}]}}