{"id":202,"date":"2017-10-02T02:30:27","date_gmt":"2017-10-01T23:30:27","guid":{"rendered":"http:\/\/localhost\/muqeen\/\/?page_id=202"},"modified":"2021-10-29T13:38:00","modified_gmt":"2021-10-29T10:38:00","slug":"about-us","status":"publish","type":"page","link":"https:\/\/www.muqeen.com\/en\/about-us","title":{"rendered":"About Us"},"content":{"rendered":"<p>[vc_row css=&#8221;.vc_custom_1595882489056{margin-right: 0px !important;margin-bottom: 50px !important;margin-left: 0px !important;padding-top: 100px !important;padding-bottom: 100px !important;background-image: url(http:\/\/www.muqeen.com\/wp-content\/uploads\/2017\/09\/slider2.jpg?id=1456) !important;background-position: center !important;background-repeat: no-repeat !important;background-size: cover !important;}&#8221;][vc_column width=&#8221;1\/6&#8243;][\/vc_column][vc_column width=&#8221;2\/3&#8243;][vc_column_text css_animation=&#8221;appear&#8221; css=&#8221;.vc_custom_1616072062365{padding-top: 30px !important;padding-right: 30px !important;padding-bottom: 30px !important;padding-left: 30px !important;background-color: rgba(255,255,255,0.9) !important;*background-color: rgb(255,255,255) !important;}&#8221; el_class=&#8221;shadow&#8221;]<\/p>\n<h3 class=\"no-margin-top\" style=\"text-align: center; font-size: 2rem;\">A quick look at the Institution world of Muqeen.<\/h3>\n<p>[\/vc_column_text][\/vc_column][vc_column width=&#8221;1\/6&#8243;][\/vc_column][\/vc_row][vc_row][vc_column][vc_empty_space height=&#8221;50px&#8221;][vc_row_inner][vc_column_inner width=&#8221;1\/3&#8243;][vc_custom_heading text=&#8221;Muqeen Recycling Machinery&#8221; font_container=&#8221;tag:h3|text_align:left&#8221; use_theme_fonts=&#8221;yes&#8221;][vc_empty_space height=&#8221;20px&#8221;][\/vc_column_inner][vc_column_inner width=&#8221;2\/3&#8243;][vc_column_text]&#8221;Muqeen have been serving in recycling sector since 2010. We sell and service machinery related to collection, sorting, transportation and processing all type of waste.<br \/>\nRecycling is a specific task that requires experience. Each waste has different characteristics, different behavior, and morphology. For this reason, each project requires individual work and a long experience.<br \/>\nAs Muqeen, we will be happy to work and cooperate with our overseas experience in many different projects with the support of our expert team.&#8221;[\/vc_column_text][vc_empty_space height=&#8221;50px&#8221;][\/vc_column_inner][\/vc_row_inner][\/vc_column][\/vc_row][vc_row][vc_column][vc_row_inner][vc_column_inner width=&#8221;1\/3&#8243;][vc_custom_heading text=&#8221;Our quality policy&#8221; font_container=&#8221;tag:h3|text_align:left&#8221; use_theme_fonts=&#8221;yes&#8221;][vc_empty_space height=&#8221;20px&#8221;][\/vc_column_inner][vc_column_inner width=&#8221;2\/3&#8243;][vc_column_text]\u2022 We regard our customers as the most important reason for our existence.<br \/>\n\u2022 We know that their tastes and desires play a major role in winning or losing new customers.<br \/>\n\u2022 We are always sensitive to the needs of our customers, we make them feel the care we show them with correct determinations.<br \/>\n\u2022 We do our best to keep you satisfied after selling our product or service.<br \/>\n\u2022 We always know that just providing products and services is not enough, we always respect our customers. And we work day and night to earn their respect.&#8221;[\/vc_column_text][vc_empty_space height=&#8221;50px&#8221;][\/vc_column_inner][\/vc_row_inner][vc_row_inner][vc_column_inner width=&#8221;1\/3&#8243;]<div class=\"iconbox aligncenter \">\n\t<div class=\"box-header\">\n\t\t<div class=\"box-icon\"><i class=\"entypo-icon entypo-icon-archive\"><\/i><\/div>\n\t\t<h3 class=\"box-title\">VISION<\/h3>\n\t<\/div>\n\t<div class=\"box-content\">\n\t\t<div class=\"box-detail\">\n\t\t\t<p>To be able to offer the best quality to the customer by using the latest technological tools and human resources in the most efficient way without sacrificing quality within the understanding of continuous change.<\/p>\n\n\t\t\t\n\t\t<\/div>\n\t<\/div>\n<\/div>[vc_empty_space height=&#8221;30px&#8221;][\/vc_column_inner][vc_column_inner width=&#8221;1\/3&#8243;]<div class=\"iconbox aligncenter  vc_custom_1616072145127\">\n\t<div class=\"box-header\">\n\t\t<div class=\"box-icon\"><i class=\"entypo-icon entypo-icon-feather\"><\/i><\/div>\n\t\t<h3 class=\"box-title\">MISSION<\/h3>\n\t<\/div>\n\t<div class=\"box-content\">\n\t\t<div class=\"box-detail\">\n\t\t\t<p>To be a sought-after company in the sector by adopting a modern management approach that aims to keep customer satisfaction at the highest level without sacrificing quality and technology.<\/p>\n\n\t\t\t\n\t\t<\/div>\n\t<\/div>\n<\/div>[vc_empty_space height=&#8221;30px&#8221;][\/vc_column_inner][vc_column_inner width=&#8221;1\/3&#8243;]<div class=\"iconbox aligncenter  vc_custom_1616072156608\">\n\t<div class=\"box-header\">\n\t\t<div class=\"box-icon\"><i class=\"entypo-icon entypo-icon-users\"><\/i><\/div>\n\t\t<h3 class=\"box-title\">QUALITY<\/h3>\n\t<\/div>\n\t<div class=\"box-content\">\n\t\t<div class=\"box-detail\">\n\t\t\t<p>We consider our customers the most important reason for our existence. We are always aware that their tastes and desires play a major role in winning or losing new customers.<\/p>\n\n\t\t\t\n\t\t<\/div>\n\t<\/div>\n<\/div>[vc_empty_space height=&#8221;30px&#8221;][\/vc_column_inner][\/vc_row_inner][\/vc_column][\/vc_row][vc_row css=&#8221;.vc_custom_1510545251273{padding-top: 30px !important;}&#8221;][vc_column][vc_row_inner][vc_column_inner]\n\t<div class=\"blog-shortcode  post-thumbnail-cover\">\n\t\t\n\t\t<div class=\"blog-entries\">\n\t\t\t\t\t\t\t<div class=\"entries-wrapper content-inner blog-grid\" data-grid=\"{&quot;itemSelector&quot;:&quot;.post&quot;}\" data-columns=\"3\">\n\t\t\t\t\t\t\t\t\t\t\t\n\t\t\t\t<div class=\"post post-2398 type-post status-publish format-standard has-post-thumbnail hentry category-blog tag-hidrolik-makina-avantajlari tag-hidrolik-makine-avatajlari tag-muqeen tag-muqeen-com\">\n\t\t\t\t\t<div class=\"post-inner\">\t\t\n\t\t\t\t\t\t\t\t\t\t\t\t\t\n\t\t\t\t\t\t\t\t\t\t\t\t\t\t\t\n\t\t\t\t\t\t\t\t<div class=\"post-image\">\n\t\t\t\t\t\t\t\t\t<h2 class=\"post-title\">\n\t\t\t\t\t\t\t\t\t\t<a href=\"https:\/\/www.muqeen.com\/en\/endustriyel-hidroligin-avantajlari-nedir\">End\u00fcstriyel hidroli\u011fin avantajlar\u0131 nedir ?<\/a>\n\t\t\t\t\t\t\t\t\t<\/h2>\n\t\t\t\t\t\t\t\t\t<span class=\"post-categories\">\n\t\t\t\t\t\t\t\t\t\t<a href=\"https:\/\/www.muqeen.com\/en\/category\/blog\" rel=\"category tag\">Blog<\/a>\t\t\t\t\t\t\t\t\t<\/span>\n\t\t\t\t\t\t\t\t\t<a class=\"featured-image\" href=\"https:\/\/www.muqeen.com\/en\/endustriyel-hidroligin-avantajlari-nedir\">\n\t\t\t\t\t\t\t\t\t\t<img loading=\"lazy\" decoding=\"async\" class=\"\" src=\"https:\/\/www.muqeen.com\/en\/wp-content\/uploads\/2020\/07\/11-08-09-600x537.jpg\" width=\"600\" height=\"537\" alt=\"11-08-09\" title=\"11-08-09\" \/>\t\t\t\t\t\t\t\t\t<\/a>\n\t\t\t\t\t\t\t\t<\/div>\n\n\t\t\t\t\t\t\t\n\t\t\t\t\t\t\n\t\t\t\t\t\t\n\t\t\t\t\t\t\t\t\t\t\t<\/div>\t\t\n\t\t\t\t<\/div>\n\n\t\t\t\t\t\t\t\t\n\t\t\t\t<div class=\"post post-666 type-post status-publish format-standard has-post-thumbnail hentry category-haberler tag-muqeen tag-muqeen-geri-donusum tag-muqeen-makine tag-muqeen-com\">\n\t\t\t\t\t<div class=\"post-inner\">\t\t\n\t\t\t\t\t\t\t\t\t\t\t\t\t\n\t\t\t\t\t\t\t\t\t\t\t\t\t\t\t\n\t\t\t\t\t\t\t\t<div class=\"post-image\">\n\t\t\t\t\t\t\t\t\t<h2 class=\"post-title\">\n\t\t\t\t\t\t\t\t\t\t<a href=\"https:\/\/www.muqeen.com\/en\/guncellenen-websitemiz-yayin-hayatina-baslamistir\">G\u00fcncellenen websitemiz yay\u0131n hayat\u0131na ba\u015flam\u0131\u015ft\u0131r<\/a>\n\t\t\t\t\t\t\t\t\t<\/h2>\n\t\t\t\t\t\t\t\t\t<span class=\"post-categories\">\n\t\t\t\t\t\t\t\t\t\t<a href=\"https:\/\/www.muqeen.com\/en\/category\/haberler\" rel=\"category tag\">News<\/a>\t\t\t\t\t\t\t\t\t<\/span>\n\t\t\t\t\t\t\t\t\t<a class=\"featured-image\" href=\"https:\/\/www.muqeen.com\/en\/guncellenen-websitemiz-yayin-hayatina-baslamistir\">\n\t\t\t\t\t\t\t\t\t\t<img loading=\"lazy\" decoding=\"async\" class=\"\" src=\"https:\/\/www.muqeen.com\/en\/wp-content\/uploads\/2017\/11\/website-600x600.jpg\" width=\"600\" height=\"600\" alt=\"website\" title=\"website\" \/>\t\t\t\t\t\t\t\t\t<\/a>\n\t\t\t\t\t\t\t\t<\/div>\n\n\t\t\t\t\t\t\t\n\t\t\t\t\t\t\n\t\t\t\t\t\t\n\t\t\t\t\t\t\t\t\t\t\t<\/div>\t\t\n\t\t\t\t<\/div>\n\n\t\t\t\t\t\t\t\t\t\t\t<\/div>\n\t\t<\/div>\n\t<\/div>[\/vc_column_inner][\/vc_row_inner][\/vc_column][\/vc_row]<\/p>\n","protected":false},"excerpt":{"rendered":"<p>[vc_row css=&#8221;.vc_custom_1595882489056{margin-right: 0px !important;margin-bottom: 50px !important;margin-left: 0px !important;padding-top: 100px !important;padding-bottom: 100px !important;background-image: url(http:\/\/www.muqeen.com\/wp-content\/uploads\/2017\/09\/slider2.jpg?id=1456) !important;background-position: center !important;background-repeat: no-repeat !important;background-size: cover !important;}&#8221;][vc_column width=&#8221;1\/6&#8243;][\/vc_column][vc_column width=&#8221;2\/3&#8243;][vc_column_text css_animation=&#8221;appear&#8221; css=&#8221;.vc_custom_1616072062365{padding-top: 30px !important;padding-right: 30px !important;padding-bottom: 30px !important;padding-left: 30px !important;background-color: rgba(255,255,255,0.9) !important;*background-color: rgb(255,255,255) !important;}&#8221; el_class=&#8221;shadow&#8221;] A quick look at the Institution world of Muqeen. [\/vc_column_text][\/vc_column][vc_column width=&#8221;1\/6&#8243;][\/vc_column][\/vc_row][vc_row][vc_column][vc_empty_space height=&#8221;50px&#8221;][vc_row_inner][vc_column_inner width=&#8221;1\/3&#8243;][vc_custom_heading text=&#8221;Muqeen Recycling Machinery&#8221; font_container=&#8221;tag:h3|text_align:left&#8221; use_theme_fonts=&#8221;yes&#8221;][vc_empty_space [&hellip;]<\/p>\n","protected":false},"author":1,"featured_media":0,"parent":0,"menu_order":0,"comment_status":"closed","ping_status":"closed","template":"","meta":{"footnotes":""},"aioseo_notices":[],"_links":{"self":[{"href":"https:\/\/www.muqeen.com\/en\/wp-json\/wp\/v2\/pages\/202"}],"collection":[{"href":"https:\/\/www.muqeen.com\/en\/wp-json\/wp\/v2\/pages"}],"about":[{"href":"https:\/\/www.muqeen.com\/en\/wp-json\/wp\/v2\/types\/page"}],"author":[{"embeddable":true,"href":"https:\/\/www.muqeen.com\/en\/wp-json\/wp\/v2\/users\/1"}],"replies":[{"embeddable":true,"href":"https:\/\/www.muqeen.com\/en\/wp-json\/wp\/v2\/comments?post=202"}],"version-history":[{"count":14,"href":"https:\/\/www.muqeen.com\/en\/wp-json\/wp\/v2\/pages\/202\/revisions"}],"predecessor-version":[{"id":3529,"href":"https:\/\/www.muqeen.com\/en\/wp-json\/wp\/v2\/pages\/202\/revisions\/3529"}],"wp:attachment":[{"href":"https:\/\/www.muqeen.com\/en\/wp-json\/wp\/v2\/media?parent=202"}],"curies":[{"name":"wp","href":"https:\/\/api.w.org\/{rel}","templated":true}]}}