{"id":202,"date":"2017-10-02T02:30:27","date_gmt":"2017-10-01T23:30:27","guid":{"rendered":"http:\/\/localhost\/muqeen\/\/?page_id=202"},"modified":"2021-11-20T18:20:15","modified_gmt":"2021-11-20T15:20:15","slug":"a-propos-de-nous","status":"publish","type":"page","link":"https:\/\/www.muqeen.com\/fr\/a-propos-de-nous","title":{"rendered":"A propos de nous"},"content":{"rendered":"<p>[vc_row css=\u00a0\u00bb.vc_custom_1595882489056{margin-right: 0px !important;margin-bottom: 50px !important;margin-left: 0px !important;padding-top: 100px !important;padding-bottom: 100px !important;background-image: url(http:\/\/www.muqeen.com\/wp-content\/uploads\/2017\/09\/slider2.jpg?id=1456) !important;background-position: center !important;background-repeat: no-repeat !important;background-size: cover !important;}\u00a0\u00bb][vc_column width=\u00a0\u00bb1\/6&Prime;][\/vc_column][vc_column width=\u00a0\u00bb2\/3&Prime;][vc_column_text css_animation=\u00a0\u00bbappear\u00a0\u00bb css=\u00a0\u00bb.vc_custom_1616071803576{padding-top: 30px !important;padding-right: 30px !important;padding-bottom: 30px !important;padding-left: 30px !important;background-color: rgba(255,255,255,0.9) !important;*background-color: rgb(255,255,255) !important;}\u00a0\u00bb el_class=\u00a0\u00bbshadow\u00a0\u00bb]<\/p>\n<h3 class=\"no-margin-top\" style=\"text-align: center; font-size: 2rem;\">Un rapide coup d&rsquo;\u0153il sur le monde de l&rsquo;entreprise de Muqeen.<\/h3>\n<p>[\/vc_column_text][\/vc_column][vc_column width=\u00a0\u00bb1\/6&Prime;][\/vc_column][\/vc_row][vc_row][vc_column][vc_empty_space height=\u00a0\u00bb50px\u00a0\u00bb][vc_row_inner][vc_column_inner width=\u00a0\u00bb1\/3&Prime;][vc_custom_heading text=\u00a0\u00bbMachines de recyclage Muqeen\u00a0\u00bb font_container=\u00a0\u00bbtag:h3|text_align:left\u00a0\u00bb use_theme_fonts=\u00a0\u00bbyes\u00a0\u00bb][vc_empty_space height=\u00a0\u00bb20px\u00a0\u00bb][\/vc_column_inner][vc_column_inner width=\u00a0\u00bb2\/3&Prime;][vc_column_text]Il est au service du secteur du recyclage depuis 2010. Nous vendons et entretenons des machines pour la collecte, la s\u00e9paration, le transport et le traitement de toutes sortes de d\u00e9chets. Le recyclage est un m\u00e9tier tr\u00e8s sp\u00e9cifique qui demande de l&rsquo;exp\u00e9rience. Chaque d\u00e9chet a des propri\u00e9t\u00e9s, des comportements et une morphologie diff\u00e9rents. Par cons\u00e9quent, chaque projet n\u00e9cessite une \u00e9tude s\u00e9par\u00e9e et une longue exp\u00e9rience. Nous serons heureux de travailler avec vous dans vos projets en tant que Muqeen, avec notre exp\u00e9rience dans de nombreux projets diff\u00e9rents dans de nombreux pays du monde, avec notre \u00e9quipe d&rsquo;experts.[\/vc_column_text][vc_empty_space height=\u00a0\u00bb50px\u00a0\u00bb][\/vc_column_inner][\/vc_row_inner][\/vc_column][\/vc_row][vc_row][vc_column][vc_row_inner][vc_column_inner width=\u00a0\u00bb1\/3&Prime;][vc_custom_heading text=\u00a0\u00bbNotre politique de qualit\u00e9\u00a0\u00bb font_container=\u00a0\u00bbtag:h3|text_align:left\u00a0\u00bb use_theme_fonts=\u00a0\u00bbyes\u00a0\u00bb][vc_empty_space height=\u00a0\u00bb20px\u00a0\u00bb][\/vc_column_inner][vc_column_inner width=\u00a0\u00bb2\/3&Prime;][vc_column_text]\u2022 Nous consid\u00e9rons nos clients comme la raison la plus importante de notre existence.<br \/>\n\u2022 Nous savons que leurs go\u00fbts et leurs d\u00e9sirs jouent un r\u00f4le majeur dans la conqu\u00eate ou la perte de nouveaux clients.<br \/>\n\u2022 Nous sommes toujours sensibles aux besoins de nos clients et leur faisons ressentir le soin que nous leur montrons avec des d\u00e9terminations correctes.<br \/>\n\u2022 Nous faisons de notre mieux pour vous satisfaire apr\u00e8s avoir vendu notre produit ou service.<br \/>\n\u2022 Nous savons toujours que simplement offrir des produits et services ne suffit pas, nous respectons toujours grandement nos clients. Et nous travaillons jour et nuit pour gagner leur respect.\u00a0\u00bb[\/vc_column_text][vc_empty_space height=\u00a0\u00bb50px\u00a0\u00bb][\/vc_column_inner][\/vc_row_inner][vc_row_inner][vc_column_inner width=\u00a0\u00bb1\/3&Prime;]<div class=\"iconbox aligncenter \">\n\t<div class=\"box-header\">\n\t\t<div class=\"box-icon\"><i class=\"entypo-icon entypo-icon-archive\"><\/i><\/div>\n\t\t<h3 class=\"box-title\">VISION<\/h3>\n\t<\/div>\n\t<div class=\"box-content\">\n\t\t<div class=\"box-detail\">\n\t\t\t<p>\u00catre en mesure d&rsquo;offrir la meilleure qualit\u00e9 au client en utilisant les derniers outils technologiques et ressources humaines de la mani\u00e8re la plus efficace sans sacrifier la qualit\u00e9 dans la compr\u00e9hension du changement continu.<\/p>\n\n\t\t\t\n\t\t<\/div>\n\t<\/div>\n<\/div>[vc_empty_space height=\u00a0\u00bb30px\u00a0\u00bb][\/vc_column_inner][vc_column_inner width=\u00a0\u00bb1\/3&Prime;]<div class=\"iconbox aligncenter  vc_custom_1616071958410\">\n\t<div class=\"box-header\">\n\t\t<div class=\"box-icon\"><i class=\"entypo-icon entypo-icon-feather\"><\/i><\/div>\n\t\t<h3 class=\"box-title\">MISSION<\/h3>\n\t<\/div>\n\t<div class=\"box-content\">\n\t\t<div class=\"box-detail\">\n\t\t\t<p>\u00catre une entreprise recherch\u00e9e dans le secteur en adoptant une approche de gestion moderne qui vise \u00e0 maintenir la satisfaction du client au plus haut niveau sans sacrifier la qualit\u00e9 et la technologie.<\/p>\n\n\t\t\t\n\t\t<\/div>\n\t<\/div>\n<\/div>[vc_empty_space height=\u00a0\u00bb30px\u00a0\u00bb][\/vc_column_inner][vc_column_inner width=\u00a0\u00bb1\/3&Prime;]<div class=\"iconbox aligncenter  vc_custom_1616071975352\">\n\t<div class=\"box-header\">\n\t\t<div class=\"box-icon\"><i class=\"entypo-icon entypo-icon-users\"><\/i><\/div>\n\t\t<h3 class=\"box-title\">QUALIT\u00c9<\/h3>\n\t<\/div>\n\t<div class=\"box-content\">\n\t\t<div class=\"box-detail\">\n\t\t\t<p>Nous consid\u00e9rons nos clients comme la raison la plus importante de notre existence. Nous sommes toujours conscients que leurs go\u00fbts et leurs d\u00e9sirs jouent un r\u00f4le majeur dans la conqu\u00eate ou la perte de nouveaux clients.<\/p>\n\n\t\t\t\n\t\t<\/div>\n\t<\/div>\n<\/div>[vc_empty_space height=\u00a0\u00bb30px\u00a0\u00bb][\/vc_column_inner][\/vc_row_inner][\/vc_column][\/vc_row][vc_row css=\u00a0\u00bb.vc_custom_1510545251273{padding-top: 30px !important;}\u00a0\u00bb][vc_column][vc_row_inner][vc_column_inner]\n\t<div class=\"blog-shortcode  post-thumbnail-cover\">\n\t\t\n\t\t<div class=\"blog-entries\">\n\t\t\t\t\t\t\t<div class=\"entries-wrapper content-inner blog-grid\" data-grid=\"{&quot;itemSelector&quot;:&quot;.post&quot;}\" data-columns=\"3\">\n\t\t\t\t\t\t\t\t\t\t\t\n\t\t\t\t<div class=\"post post-2398 type-post status-publish format-standard has-post-thumbnail hentry category-blog tag-hidrolik-makina-avantajlari tag-hidrolik-makine-avatajlari tag-muqeen tag-muqeen-com\">\n\t\t\t\t\t<div class=\"post-inner\">\t\t\n\t\t\t\t\t\t\t\t\t\t\t\t\t\n\t\t\t\t\t\t\t\t\t\t\t\t\t\t\t\n\t\t\t\t\t\t\t\t<div class=\"post-image\">\n\t\t\t\t\t\t\t\t\t<h2 class=\"post-title\">\n\t\t\t\t\t\t\t\t\t\t<a href=\"https:\/\/www.muqeen.com\/fr\/endustriyel-hidroligin-avantajlari-nedir\">End\u00fcstriyel hidroli\u011fin avantajlar\u0131 nedir ?<\/a>\n\t\t\t\t\t\t\t\t\t<\/h2>\n\t\t\t\t\t\t\t\t\t<span class=\"post-categories\">\n\t\t\t\t\t\t\t\t\t\t<a href=\"https:\/\/www.muqeen.com\/fr\/categorie\/blog\" rel=\"category tag\">Blog<\/a>\t\t\t\t\t\t\t\t\t<\/span>\n\t\t\t\t\t\t\t\t\t<a class=\"featured-image\" href=\"https:\/\/www.muqeen.com\/fr\/endustriyel-hidroligin-avantajlari-nedir\">\n\t\t\t\t\t\t\t\t\t\t<img loading=\"lazy\" decoding=\"async\" class=\"\" src=\"https:\/\/www.muqeen.com\/fr\/wp-content\/uploads\/2020\/07\/11-08-09-600x537.jpg\" width=\"600\" height=\"537\" alt=\"11-08-09\" title=\"11-08-09\" \/>\t\t\t\t\t\t\t\t\t<\/a>\n\t\t\t\t\t\t\t\t<\/div>\n\n\t\t\t\t\t\t\t\n\t\t\t\t\t\t\n\t\t\t\t\t\t\n\t\t\t\t\t\t\t\t\t\t\t<\/div>\t\t\n\t\t\t\t<\/div>\n\n\t\t\t\t\t\t\t\t\n\t\t\t\t<div class=\"post post-666 type-post status-publish format-standard has-post-thumbnail hentry category-haberler tag-muqeen tag-muqeen-geri-donusum tag-muqeen-makine tag-muqeen-com\">\n\t\t\t\t\t<div class=\"post-inner\">\t\t\n\t\t\t\t\t\t\t\t\t\t\t\t\t\n\t\t\t\t\t\t\t\t\t\t\t\t\t\t\t\n\t\t\t\t\t\t\t\t<div class=\"post-image\">\n\t\t\t\t\t\t\t\t\t<h2 class=\"post-title\">\n\t\t\t\t\t\t\t\t\t\t<a href=\"https:\/\/www.muqeen.com\/fr\/guncellenen-websitemiz-yayin-hayatina-baslamistir\">G\u00fcncellenen websitemiz yay\u0131n hayat\u0131na ba\u015flam\u0131\u015ft\u0131r<\/a>\n\t\t\t\t\t\t\t\t\t<\/h2>\n\t\t\t\t\t\t\t\t\t<span class=\"post-categories\">\n\t\t\t\t\t\t\t\t\t\t<a href=\"https:\/\/www.muqeen.com\/fr\/categorie\/haberler\" rel=\"category tag\">Nouvelles<\/a>\t\t\t\t\t\t\t\t\t<\/span>\n\t\t\t\t\t\t\t\t\t<a class=\"featured-image\" href=\"https:\/\/www.muqeen.com\/fr\/guncellenen-websitemiz-yayin-hayatina-baslamistir\">\n\t\t\t\t\t\t\t\t\t\t<img loading=\"lazy\" decoding=\"async\" class=\"\" src=\"https:\/\/www.muqeen.com\/fr\/wp-content\/uploads\/2017\/11\/website-600x600.jpg\" width=\"600\" height=\"600\" alt=\"website\" title=\"website\" \/>\t\t\t\t\t\t\t\t\t<\/a>\n\t\t\t\t\t\t\t\t<\/div>\n\n\t\t\t\t\t\t\t\n\t\t\t\t\t\t\n\t\t\t\t\t\t\n\t\t\t\t\t\t\t\t\t\t\t<\/div>\t\t\n\t\t\t\t<\/div>\n\n\t\t\t\t\t\t\t\t\t\t\t<\/div>\n\t\t<\/div>\n\t<\/div>[\/vc_column_inner][\/vc_row_inner][\/vc_column][\/vc_row]<\/p>\n","protected":false},"excerpt":{"rendered":"<p>[vc_row css=\u00a0\u00bb.vc_custom_1595882489056{margin-right: 0px !important;margin-bottom: 50px !important;margin-left: 0px !important;padding-top: 100px !important;padding-bottom: 100px !important;background-image: url(http:\/\/www.muqeen.com\/wp-content\/uploads\/2017\/09\/slider2.jpg?id=1456) !important;background-position: center !important;background-repeat: no-repeat !important;background-size: cover !important;}\u00a0\u00bb][vc_column width=\u00a0\u00bb1\/6&Prime;][\/vc_column][vc_column width=\u00a0\u00bb2\/3&Prime;][vc_column_text css_animation=\u00a0\u00bbappear\u00a0\u00bb css=\u00a0\u00bb.vc_custom_1616071803576{padding-top: 30px !important;padding-right: 30px !important;padding-bottom: 30px !important;padding-left: 30px !important;background-color: rgba(255,255,255,0.9) !important;*background-color: rgb(255,255,255) !important;}\u00a0\u00bb el_class=\u00a0\u00bbshadow\u00a0\u00bb] Un rapide coup d&rsquo;\u0153il sur le monde de l&rsquo;entreprise de Muqeen. [\/vc_column_text][\/vc_column][vc_column width=\u00a0\u00bb1\/6&Prime;][\/vc_column][\/vc_row][vc_row][vc_column][vc_empty_space height=\u00a0\u00bb50px\u00a0\u00bb][vc_row_inner][vc_column_inner width=\u00a0\u00bb1\/3&Prime;][vc_custom_heading text=\u00a0\u00bbMachines de recyclage [&hellip;]<\/p>\n","protected":false},"author":1,"featured_media":0,"parent":0,"menu_order":0,"comment_status":"closed","ping_status":"closed","template":"","meta":{"footnotes":""},"aioseo_notices":[],"_links":{"self":[{"href":"https:\/\/www.muqeen.com\/fr\/wp-json\/wp\/v2\/pages\/202"}],"collection":[{"href":"https:\/\/www.muqeen.com\/fr\/wp-json\/wp\/v2\/pages"}],"about":[{"href":"https:\/\/www.muqeen.com\/fr\/wp-json\/wp\/v2\/types\/page"}],"author":[{"embeddable":true,"href":"https:\/\/www.muqeen.com\/fr\/wp-json\/wp\/v2\/users\/1"}],"replies":[{"embeddable":true,"href":"https:\/\/www.muqeen.com\/fr\/wp-json\/wp\/v2\/comments?post=202"}],"version-history":[{"count":14,"href":"https:\/\/www.muqeen.com\/fr\/wp-json\/wp\/v2\/pages\/202\/revisions"}],"predecessor-version":[{"id":3576,"href":"https:\/\/www.muqeen.com\/fr\/wp-json\/wp\/v2\/pages\/202\/revisions\/3576"}],"wp:attachment":[{"href":"https:\/\/www.muqeen.com\/fr\/wp-json\/wp\/v2\/media?parent=202"}],"curies":[{"name":"wp","href":"https:\/\/api.w.org\/{rel}","templated":true}]}}