{"id":2067,"date":"2020-07-26T20:38:07","date_gmt":"2020-07-26T17:38:07","guid":{"rendered":"http:\/\/localhost\/muqeen\/?page_id=2067"},"modified":"2021-11-20T21:09:03","modified_gmt":"2021-11-20T18:09:03","slug":"installations-de-separation-des-dechets-solides-entierement-automatiques","status":"publish","type":"page","link":"https:\/\/www.muqeen.com\/fr\/installations-de-separation-des-dechets-solides-entierement-automatiques","title":{"rendered":"INSTALLATIONS DE S\u00c9PARATION DES D\u00c9CHETS SOLIDES ENTI\u00c8REMENT AUTOMATIQUES"},"content":{"rendered":"<p>[vc_row content_placement=\u00a0\u00bbmiddle\u00a0\u00bb css=\u00a0\u00bb.vc_custom_1513242459608{padding-top: 20px !important;padding-bottom: 40px !important;}\u00a0\u00bb][vc_column][vc_images_carousel images=\u00a0\u00bb2957,2954&Prime; img_size=\u00a0\u00bbfull\u00a0\u00bb onclick=\u00a0\u00bblink_no\u00a0\u00bb speed=\u00a0\u00bb4000&Prime; autoplay=\u00a0\u00bbyes\u00a0\u00bb wrap=\u00a0\u00bbyes\u00a0\u00bb][vc_empty_space height=\u00a0\u00bb25px\u00a0\u00bb][vc_row_inner][vc_column_inner][vc_column_text]<\/p>\n<h3 class=\"no-margin-top\">INSTALLATIONS DE S\u00c9PARATION DES D\u00c9CHETS SOLIDES ENTI\u00c8REMENT AUTOMATIQUES<\/h3>\n<p>Ce sont des installations o\u00f9 le processus de s\u00e9paration est principalement effectu\u00e9 par des \u00e9quipements m\u00e9caniques et des s\u00e9parateurs optiques, o\u00f9 les gens sont principalement positionn\u00e9s pour le contr\u00f4le de la qualit\u00e9 et l&rsquo;exploitation. Dans une installation de tri enti\u00e8rement automatique, il existe g\u00e9n\u00e9ralement des machines telles que grue d&rsquo;alimentation, ouvre-sacs, tamis \u00e0 tambour, s\u00e9parateur balistique, s\u00e9parateur optique, s\u00e9parateur magn\u00e9tique, s\u00e9parateur en aluminium et presse \u00e0 balles.<\/p>\n<p>Dans la conception de ces installations, des facteurs tels que l&rsquo;analyse des d\u00e9chets, les mat\u00e9riaux de recyclage \u00e0 s\u00e9parer, la capacit\u00e9, les co\u00fbts de main-d&rsquo;\u0153uvre sont pris en compte. La conception de l&rsquo;installation est r\u00e9alis\u00e9e en fonction des r\u00e9sultats de l&rsquo;\u00e9tude de faisabilit\u00e9 r\u00e9alis\u00e9e \u00e0 la lumi\u00e8re de ces informations.<\/p>\n<p>L&rsquo;efficacit\u00e9 de la s\u00e9paration dans les usines automatiques est sup\u00e9rieure \u00e0 celle des usines de tri manuel, elle peut facilement reconna\u00eetre certains mat\u00e9riaux que les gens auront du mal \u00e0 distinguer, et les performances de travail restent constantes tout au long du quart de travail. De plus, en raison des processus effectu\u00e9s par les machines de s\u00e9paration (par exemple, le s\u00e9parateur balistique fouettant le mat\u00e9riau, le s\u00e9parateur optique le s\u00e9pare en soufflant avec de l&rsquo;air), le mat\u00e9riau s\u00e9par\u00e9 en ressort plus propre.[\/vc_column_text][\/vc_column_inner][\/vc_row_inner][vc_empty_space height=\u00a0\u00bb50px\u00a0\u00bb][vc_row_inner][vc_column_inner width=\u00a0\u00bb2\/3&Prime;][vc_single_image image=\u00a0\u00bb3569&Prime; img_size=\u00a0\u00bblarge\u00a0\u00bb alignment=\u00a0\u00bbcenter\u00a0\u00bb onclick=\u00a0\u00bbzoom\u00a0\u00bb][\/vc_column_inner][vc_column_inner width=\u00a0\u00bb1\/3&Prime;][vc_single_image image=\u00a0\u00bb2617&Prime; img_size=\u00a0\u00bbfull\u00a0\u00bb alignment=\u00a0\u00bbcenter\u00a0\u00bb][vc_empty_space height=\u00a0\u00bb40px\u00a0\u00bb][vc_single_image image=\u00a0\u00bb2616&Prime; img_size=\u00a0\u00bbfull\u00a0\u00bb alignment=\u00a0\u00bbcenter\u00a0\u00bb][vc_empty_space height=\u00a0\u00bb40px\u00a0\u00bb][vc_single_image image=\u00a0\u00bb2619&Prime; img_size=\u00a0\u00bbfull\u00a0\u00bb alignment=\u00a0\u00bbcenter\u00a0\u00bb][\/vc_column_inner][\/vc_row_inner][vc_empty_space height=\u00a0\u00bb25px\u00a0\u00bb][vc_row_inner][vc_column_inner width=\u00a0\u00bb1\/3&Prime;][vc_single_image image=\u00a0\u00bb2615&Prime; img_size=\u00a0\u00bbfull\u00a0\u00bb alignment=\u00a0\u00bbcenter\u00a0\u00bb onclick=\u00a0\u00bbcustom_link\u00a0\u00bb link=\u00a0\u00bb\/fr\/catalogue-media\u00a0\u00bb][\/vc_column_inner][vc_column_inner width=\u00a0\u00bb1\/3&Prime;][vc_single_image image=\u00a0\u00bb2618&Prime; img_size=\u00a0\u00bbfull\u00a0\u00bb alignment=\u00a0\u00bbcenter\u00a0\u00bb onclick=\u00a0\u00bbcustom_link\u00a0\u00bb link=\u00a0\u00bb\/fr\/offre-de-prix\u00a0\u00bb][\/vc_column_inner][vc_column_inner width=\u00a0\u00bb1\/3&Prime;][vc_single_image image=\u00a0\u00bb2636&Prime; img_size=\u00a0\u00bbfull\u00a0\u00bb alignment=\u00a0\u00bbcenter\u00a0\u00bb onclick=\u00a0\u00bbcustom_link\u00a0\u00bb link=\u00a0\u00bb\/fr\/contact\u00a0\u00bb][\/vc_column_inner][\/vc_row_inner][vc_empty_space height=\u00a0\u00bb50px\u00a0\u00bb][vc_gallery type=\u00a0\u00bbimage_grid\u00a0\u00bb images=\u00a0\u00bb2657,2658,2659,2660,2661,2662,2663,2664&Prime; img_size=\u00a0\u00bbfull\u00a0\u00bb][vc_empty_space height=\u00a0\u00bb50px\u00a0\u00bb][vc_column_text]<\/p>\n<h3 class=\"no-margin-top\">Tous les types d&rsquo;usines de s\u00e9paration des d\u00e9chets solides<\/h3>\n<p>[\/vc_column_text][\/vc_column][\/vc_row][vc_row][vc_column width=\u00a0\u00bb1\/3&Prime;]\n<!-- BEGIN .imagebox -->\n<div class=\"imagebox   vc_custom_1637430494366\">\n\t\n\t\t<div class=\"box-header\">\n\t\t\t<h3 class=\"box-title\">\n\t\t\t\t<a href=\"\/fr\/installations-manuelles-de-separation-des-dechets-solides\" target=\"_self\">\n\t\t\t\t\tINSTALLATIONS MANUELLES DE S\u00c9PARATION DES D\u00c9CHETS SOLIDES\t\t\t\t<\/a>\n\t\t\t<\/h3>\n\n\t\t\t\t\t<\/div>\n\n\t\t<div class=\"box-content\"><p>C&rsquo;est la solution id\u00e9ale dans les zones \u00e0 faible capacit\u00e9 et \u00e0 faibles co\u00fbts de personnel.<\/p>\n<\/div>\n\n\t\t<div class=\"box-image\">\n\t\t\t<a href=\"\/fr\/installations-manuelles-de-separation-des-dechets-solides\" target=\"_self\">\n\t\t\t\t\t\t\t\t\t<div class=\"box-button button\">\t\n\t\t\t\t\t\t<span>EXAMINEZ LES D\u00c9TAILS<\/span><i class=\"ion-log-in\"><\/i>\n\t\t\t\t\t<\/div>\n\t\t\t\t\n\t\t\t\t<img loading=\"lazy\" decoding=\"async\" class=\"\" src=\"https:\/\/www.muqeen.com\/fr\/wp-content\/uploads\/2020\/07\/FormatFactoryfabrik2-800x350.jpg\" width=\"800\" height=\"350\" alt=\"FormatFactoryfabrik2\" title=\"FormatFactoryfabrik2\" \/>\t\t\t<\/a>\n\t\t<\/div>\n\t<\/div>\n<!-- End .imagebox -->\n[vc_empty_space height=\u00a0\u00bb30px\u00a0\u00bb][\/vc_column][vc_column width=\u00a0\u00bb1\/3&Prime;]\n<!-- BEGIN .imagebox -->\n<div class=\"imagebox   vc_custom_1637430510342\">\n\t\n\t\t<div class=\"box-header\">\n\t\t\t<h3 class=\"box-title\">\n\t\t\t\t<a href=\"\/fr\/installations-semi-automatiques-de-separation-des-dechets-solides\" target=\"_self\">\n\t\t\t\t\tINSTALLATIONS SEMI-AUTOMATIQUES DE SEPARATION DES DECHETS SOLIDES\t\t\t\t<\/a>\n\t\t\t<\/h3>\n\n\t\t\t\t\t<\/div>\n\n\t\t<div class=\"box-content\"><p>Les mat\u00e9riaux sont s\u00e9par\u00e9s de mani\u00e8re semi-automatique au moyen des \u00e9quipements m\u00e9caniques.<\/p>\n<\/div>\n\n\t\t<div class=\"box-image\">\n\t\t\t<a href=\"\/fr\/installations-semi-automatiques-de-separation-des-dechets-solides\" target=\"_self\">\n\t\t\t\t\t\t\t\t\t<div class=\"box-button button\">\t\n\t\t\t\t\t\t<span>EXAMINEZ LES D\u00c9TAILS<\/span><i class=\"ion-log-in\"><\/i>\n\t\t\t\t\t<\/div>\n\t\t\t\t\n\t\t\t\t<img loading=\"lazy\" decoding=\"async\" class=\"\" src=\"https:\/\/www.muqeen.com\/fr\/wp-content\/uploads\/2020\/07\/FormatFactoryIMAG1356201-800x350.jpg\" width=\"800\" height=\"350\" alt=\"FormatFactoryIMAG1356(1)\" title=\"FormatFactoryIMAG1356(1)\" \/>\t\t\t<\/a>\n\t\t<\/div>\n\t<\/div>\n<!-- End .imagebox -->\n[vc_empty_space height=\u00a0\u00bb30px\u00a0\u00bb][\/vc_column][vc_column width=\u00a0\u00bb1\/3&Prime;]\n<!-- BEGIN .imagebox -->\n<div class=\"imagebox   vc_custom_1637430521722\">\n\t\n\t\t<div class=\"box-header\">\n\t\t\t<h3 class=\"box-title\">\n\t\t\t\t<a href=\"\/fr\/installations-de-separation-des-dechets-solides-entierement-automatiques\" target=\"_self\">\n\t\t\t\t\tINSTALLATIONS DE S\u00c9PARATION DES D\u00c9CHETS SOLIDES ENTI\u00c8REMENT AUTOMATIQUES\t\t\t\t<\/a>\n\t\t\t<\/h3>\n\n\t\t\t\t\t<\/div>\n\n\t\t<div class=\"box-content\"><p>Le syst\u00e8me enti\u00e8rement automatique donne le meilleur r\u00e9sultat pour la s\u00e9paration.<\/p>\n<\/div>\n\n\t\t<div class=\"box-image\">\n\t\t\t<a href=\"\/fr\/installations-de-separation-des-dechets-solides-entierement-automatiques\" target=\"_self\">\n\t\t\t\t\t\t\t\t\t<div class=\"box-button button\">\t\n\t\t\t\t\t\t<span>EXAMINEZ LES D\u00c9TAILS<\/span><i class=\"ion-log-in\"><\/i>\n\t\t\t\t\t<\/div>\n\t\t\t\t\n\t\t\t\t<img loading=\"lazy\" decoding=\"async\" class=\"\" src=\"https:\/\/www.muqeen.com\/fr\/wp-content\/uploads\/2020\/07\/FormatFactoryIMG_2991201-800x350.jpg\" width=\"800\" height=\"350\" alt=\"FormatFactoryIMG_2991(1)\" title=\"FormatFactoryIMG_2991(1)\" \/>\t\t\t<\/a>\n\t\t<\/div>\n\t<\/div>\n<!-- End .imagebox -->\n[vc_empty_space height=\u00a0\u00bb30px\u00a0\u00bb][\/vc_column][\/vc_row]<\/p>\n","protected":false},"excerpt":{"rendered":"<p>[vc_row content_placement=\u00a0\u00bbmiddle\u00a0\u00bb css=\u00a0\u00bb.vc_custom_1513242459608{padding-top: 20px !important;padding-bottom: 40px !important;}\u00a0\u00bb][vc_column][vc_images_carousel images=\u00a0\u00bb2957,2954&Prime; img_size=\u00a0\u00bbfull\u00a0\u00bb onclick=\u00a0\u00bblink_no\u00a0\u00bb speed=\u00a0\u00bb4000&Prime; autoplay=\u00a0\u00bbyes\u00a0\u00bb wrap=\u00a0\u00bbyes\u00a0\u00bb][vc_empty_space height=\u00a0\u00bb25px\u00a0\u00bb][vc_row_inner][vc_column_inner][vc_column_text] INSTALLATIONS DE S\u00c9PARATION DES D\u00c9CHETS SOLIDES ENTI\u00c8REMENT AUTOMATIQUES Ce sont des installations o\u00f9 le processus de s\u00e9paration est principalement effectu\u00e9 par des \u00e9quipements m\u00e9caniques et des s\u00e9parateurs optiques, o\u00f9 les gens sont principalement positionn\u00e9s pour le contr\u00f4le de la qualit\u00e9 et [&hellip;]<\/p>\n","protected":false},"author":1,"featured_media":0,"parent":0,"menu_order":0,"comment_status":"closed","ping_status":"closed","template":"","meta":{"footnotes":""},"aioseo_notices":[],"_links":{"self":[{"href":"https:\/\/www.muqeen.com\/fr\/wp-json\/wp\/v2\/pages\/2067"}],"collection":[{"href":"https:\/\/www.muqeen.com\/fr\/wp-json\/wp\/v2\/pages"}],"about":[{"href":"https:\/\/www.muqeen.com\/fr\/wp-json\/wp\/v2\/types\/page"}],"author":[{"embeddable":true,"href":"https:\/\/www.muqeen.com\/fr\/wp-json\/wp\/v2\/users\/1"}],"replies":[{"embeddable":true,"href":"https:\/\/www.muqeen.com\/fr\/wp-json\/wp\/v2\/comments?post=2067"}],"version-history":[{"count":18,"href":"https:\/\/www.muqeen.com\/fr\/wp-json\/wp\/v2\/pages\/2067\/revisions"}],"predecessor-version":[{"id":3649,"href":"https:\/\/www.muqeen.com\/fr\/wp-json\/wp\/v2\/pages\/2067\/revisions\/3649"}],"wp:attachment":[{"href":"https:\/\/www.muqeen.com\/fr\/wp-json\/wp\/v2\/media?parent=2067"}],"curies":[{"name":"wp","href":"https:\/\/api.w.org\/{rel}","templated":true}]}}