{"id":2127,"date":"2020-07-27T10:29:51","date_gmt":"2020-07-27T07:29:51","guid":{"rendered":"http:\/\/localhost\/muqeen\/?page_id=2127"},"modified":"2021-11-20T22:50:41","modified_gmt":"2021-11-20T19:50:41","slug":"inatallations-de-plastique-mixte","status":"publish","type":"page","link":"https:\/\/www.muqeen.com\/fr\/inatallations-de-plastique-mixte","title":{"rendered":"INATALLATIONS DE PLASTIQUE MIXTE"},"content":{"rendered":"<p>[vc_row content_placement=\u00a0\u00bbmiddle\u00a0\u00bb css=\u00a0\u00bb.vc_custom_1513242459608{padding-top: 20px !important;padding-bottom: 40px !important;}\u00a0\u00bb][vc_column][vc_images_carousel images=\u00a0\u00bb3407,2981&Prime; img_size=\u00a0\u00bbfull\u00a0\u00bb onclick=\u00a0\u00bblink_no\u00a0\u00bb speed=\u00a0\u00bb4000&Prime; autoplay=\u00a0\u00bbyes\u00a0\u00bb wrap=\u00a0\u00bbyes\u00a0\u00bb][vc_empty_space height=\u00a0\u00bb25px\u00a0\u00bb][\/vc_column][\/vc_row][vc_row content_placement=\u00a0\u00bbmiddle\u00a0\u00bb css=\u00a0\u00bb.vc_custom_1513242459608{padding-top: 20px !important;padding-bottom: 40px !important;}\u00a0\u00bb][vc_column][vc_column_text]<\/p>\n<h3 class=\"no-margin-top\">INATALLATIONS DE PLASTIQUE MIXTE<\/h3>\n<p>Les plastiques mixtes sont des installations qui s\u00e9parent automatiquement les mat\u00e9riaux tels que le PEHD, le PP, le PS, le PVC, le PC achet\u00e9s sur le march\u00e9 ou dans une installation de tri des d\u00e9chets m\u00e9nagers \/ d&#8217;emballage, et les s\u00e9parent avec une grande pr\u00e9cision en fonction de leur couleur et de leur type de mat\u00e9riau. Bien que ces installations varient en fonction de la composition du mat\u00e9riau, il existe essentiellement un ouvre-balle (si le mat\u00e9riau se pr\u00e9sente sous forme de balles), une plate-forme de pr\u00e9-tri, un s\u00e9parateur balistique, un aimant, des courants de Foucault, des s\u00e9parateurs optiques et des plates-formes de contr\u00f4le qualit\u00e9. Ici, les s\u00e9parateurs optiques sont con\u00e7us en fonction de la morphologie d&rsquo;entr\u00e9e et du nombre de sortie souhait\u00e9 en \u00e9valuant le nombre de disposition et la combinaison. L&rsquo;identification des mat\u00e9riaux dans la s\u00e9paration plastique mixte n\u00e9cessite une main-d&rsquo;\u0153uvre qualifi\u00e9e. Pour cette raison, c&rsquo;est un grand avantage que ces installations soient automatiques. Il est possible d&rsquo;atteindre une qualit\u00e9 sup\u00e9rieure et des capacit\u00e9s plus \u00e9lev\u00e9es avec un personnel moins qualifi\u00e9. Les capacit\u00e9s atteignent 6-7 tonnes par heure. Les mat\u00e9riaux s\u00e9par\u00e9s sont principalement le PEHD blanc, le PEHD de couleur, le PP blanc, le PP de couleur, le PET transparent, le PET de couleur, le PC, le PS etc. Cependant, comme le syst\u00e8me est ouvert \u00e0 la mise \u00e0 jour et \u00e0 la programmation, il est possible de changer le programme pour de nombreux types de plastique diff\u00e9rents.[\/vc_column_text][\/vc_column][\/vc_row][vc_row content_placement=\u00a0\u00bbmiddle\u00a0\u00bb css=\u00a0\u00bb.vc_custom_1513242459608{padding-top: 20px !important;padding-bottom: 40px !important;}\u00a0\u00bb][vc_column][vc_row_inner][vc_column_inner][\/vc_column_inner][\/vc_row_inner][vc_empty_space height=\u00a0\u00bb50px\u00a0\u00bb][vc_row_inner][vc_column_inner width=\u00a0\u00bb2\/3&Prime;][vc_single_image image=\u00a0\u00bb3546&Prime; img_size=\u00a0\u00bblarge\u00a0\u00bb alignment=\u00a0\u00bbcenter\u00a0\u00bb onclick=\u00a0\u00bbzoom\u00a0\u00bb][\/vc_column_inner][vc_column_inner width=\u00a0\u00bb1\/3&Prime;][vc_single_image image=\u00a0\u00bb2617&Prime; img_size=\u00a0\u00bbfull\u00a0\u00bb alignment=\u00a0\u00bbcenter\u00a0\u00bb][vc_empty_space height=\u00a0\u00bb40px\u00a0\u00bb][vc_single_image image=\u00a0\u00bb2616&Prime; img_size=\u00a0\u00bbfull\u00a0\u00bb alignment=\u00a0\u00bbcenter\u00a0\u00bb][vc_empty_space height=\u00a0\u00bb40px\u00a0\u00bb][vc_single_image image=\u00a0\u00bb2619&Prime; img_size=\u00a0\u00bbfull\u00a0\u00bb alignment=\u00a0\u00bbcenter\u00a0\u00bb][\/vc_column_inner][\/vc_row_inner][vc_empty_space height=\u00a0\u00bb25px\u00a0\u00bb][vc_row_inner][vc_column_inner width=\u00a0\u00bb1\/3&Prime;][vc_single_image image=\u00a0\u00bb2615&Prime; img_size=\u00a0\u00bbfull\u00a0\u00bb alignment=\u00a0\u00bbcenter\u00a0\u00bb onclick=\u00a0\u00bbcustom_link\u00a0\u00bb link=\u00a0\u00bb\/fr\/catalogue-media\u00a0\u00bb][\/vc_column_inner][vc_column_inner width=\u00a0\u00bb1\/3&Prime;][vc_single_image image=\u00a0\u00bb2618&Prime; img_size=\u00a0\u00bbfull\u00a0\u00bb alignment=\u00a0\u00bbcenter\u00a0\u00bb onclick=\u00a0\u00bbcustom_link\u00a0\u00bb link=\u00a0\u00bb\/fr\/offre-de-prix\u00a0\u00bb][\/vc_column_inner][vc_column_inner width=\u00a0\u00bb1\/3&Prime;][vc_single_image image=\u00a0\u00bb2636&Prime; img_size=\u00a0\u00bbfull\u00a0\u00bb alignment=\u00a0\u00bbcenter\u00a0\u00bb onclick=\u00a0\u00bbcustom_link\u00a0\u00bb link=\u00a0\u00bb\/fr\/contact\u00a0\u00bb][\/vc_column_inner][\/vc_row_inner][vc_empty_space height=\u00a0\u00bb50px\u00a0\u00bb][\/vc_column][\/vc_row]<\/p>\n","protected":false},"excerpt":{"rendered":"<p>[vc_row content_placement=\u00a0\u00bbmiddle\u00a0\u00bb css=\u00a0\u00bb.vc_custom_1513242459608{padding-top: 20px !important;padding-bottom: 40px !important;}\u00a0\u00bb][vc_column][vc_images_carousel images=\u00a0\u00bb3407,2981&Prime; img_size=\u00a0\u00bbfull\u00a0\u00bb onclick=\u00a0\u00bblink_no\u00a0\u00bb speed=\u00a0\u00bb4000&Prime; autoplay=\u00a0\u00bbyes\u00a0\u00bb wrap=\u00a0\u00bbyes\u00a0\u00bb][vc_empty_space height=\u00a0\u00bb25px\u00a0\u00bb][\/vc_column][\/vc_row][vc_row content_placement=\u00a0\u00bbmiddle\u00a0\u00bb css=\u00a0\u00bb.vc_custom_1513242459608{padding-top: 20px !important;padding-bottom: 40px !important;}\u00a0\u00bb][vc_column][vc_column_text] INATALLATIONS DE PLASTIQUE MIXTE Les plastiques mixtes sont des installations qui s\u00e9parent automatiquement les mat\u00e9riaux tels que le PEHD, le PP, le PS, le PVC, le PC achet\u00e9s sur le march\u00e9 ou dans une installation [&hellip;]<\/p>\n","protected":false},"author":1,"featured_media":0,"parent":0,"menu_order":0,"comment_status":"closed","ping_status":"closed","template":"","meta":{"footnotes":""},"aioseo_notices":[],"_links":{"self":[{"href":"https:\/\/www.muqeen.com\/fr\/wp-json\/wp\/v2\/pages\/2127"}],"collection":[{"href":"https:\/\/www.muqeen.com\/fr\/wp-json\/wp\/v2\/pages"}],"about":[{"href":"https:\/\/www.muqeen.com\/fr\/wp-json\/wp\/v2\/types\/page"}],"author":[{"embeddable":true,"href":"https:\/\/www.muqeen.com\/fr\/wp-json\/wp\/v2\/users\/1"}],"replies":[{"embeddable":true,"href":"https:\/\/www.muqeen.com\/fr\/wp-json\/wp\/v2\/comments?post=2127"}],"version-history":[{"count":12,"href":"https:\/\/www.muqeen.com\/fr\/wp-json\/wp\/v2\/pages\/2127\/revisions"}],"predecessor-version":[{"id":3651,"href":"https:\/\/www.muqeen.com\/fr\/wp-json\/wp\/v2\/pages\/2127\/revisions\/3651"}],"wp:attachment":[{"href":"https:\/\/www.muqeen.com\/fr\/wp-json\/wp\/v2\/media?parent=2127"}],"curies":[{"name":"wp","href":"https:\/\/api.w.org\/{rel}","templated":true}]}}