{"id":2244,"date":"2020-07-27T12:03:10","date_gmt":"2020-07-27T09:03:10","guid":{"rendered":"http:\/\/localhost\/muqeen\/?page_id=2244"},"modified":"2021-11-20T18:27:10","modified_gmt":"2021-11-20T15:27:10","slug":"offre-de-prix","status":"publish","type":"page","link":"https:\/\/www.muqeen.com\/fr\/offre-de-prix","title":{"rendered":"Offre de prix"},"content":{"rendered":"<p>[vc_row equal_height=\u00a0\u00bbyes\u00a0\u00bb css=\u00a0\u00bb.vc_custom_1595602388707{margin-right: 0px !important;margin-bottom: 20px !important;margin-left: 0px !important;}\u00a0\u00bb][vc_column width=\u00a0\u00bb2\/3&Prime; css=\u00a0\u00bb.vc_custom_1513048602768{background-color: #ffffff !important;}\u00a0\u00bb el_class=\u00a0\u00bbshadow\u00a0\u00bb][vc_empty_space height=\u00a0\u00bb50px\u00a0\u00bb][vc_row_inner][vc_column_inner width=\u00a0\u00bb1\/12&Prime;][\/vc_column_inner][vc_column_inner width=\u00a0\u00bb5\/6&Prime;][vc_column_text]<\/p>\n<h3 class=\"no-margin-top\" style=\"text-align: center;\">Obtenez un devis maintenant<\/h3>\n<p>[\/vc_column_text][vc_empty_space height=\u00a0\u00bb10px\u00a0\u00bb][vc_column_text]<\/p>\n<p style=\"text-align: center;\">N&rsquo;h\u00e9sitez pas \u00e0 nous poser vos demandes ou pr\u00e9occupations.<\/p>\n<p>[\/vc_column_text][vc_empty_space height=\u00a0\u00bb35px\u00a0\u00bb][contact-form-7 id=\u00a0\u00bb1713&Prime;][vc_empty_space height=\u00a0\u00bb20px\u00a0\u00bb][vc_column_text]<\/p>\n<p style=\"text-align: center; font-size: 13px;\">Vous pouvez utiliser info@muqeen.com pour contacter par e-mail..<\/p>\n<p>[\/vc_column_text][\/vc_column_inner][vc_column_inner width=\u00a0\u00bb1\/12&Prime;][\/vc_column_inner][\/vc_row_inner][vc_empty_space height=\u00a0\u00bb90px\u00a0\u00bb][vc_column_text]<\/p>\n<h3 class=\"no-margin-top\" style=\"text-align: center;\">O\u00f9 sommes-nous?<\/h3>\n<p>[\/vc_column_text][vc_empty_space height=\u00a0\u00bb10px\u00a0\u00bb][vc_column_text]<\/p>\n<p style=\"text-align: center;\">Kavakl\u0131 mah. Hayati sok. no:44 Selimpa\u015fa \u0130stanbul \/ T\u00fcrkiye<\/p>\n<p>[\/vc_column_text][vc_empty_space height=\u00a0\u00bb35px\u00a0\u00bb][vc_wp_text]<iframe loading=\"lazy\" style=\"border: 0;\" tabindex=\"0\" src=\"https:\/\/www.google.com\/maps\/embed?pb=!1m14!1m8!1m3!1d12030.85559070383!2d28.3213759!3d41.0752461!3m2!1i1024!2i768!4f13.1!3m3!1m2!1s0x0%3A0xe81d0b84208bd5c2!2zTXVxZWVuIEdlcmkgRMO2bsO8xZ_DvG0gTWFraW5hbGFyxLEgTHRkLiDFnnRpLg!5e0!3m2!1str!2str!4v1599292942428!5m2!1str!2str\" width=\"100%\" height=\"350px\" frameborder=\"0\" allowfullscreen=\"allowfullscreen\" aria-hidden=\"false\"><\/iframe>[\/vc_wp_text][\/vc_column][vc_column width=\u00a0\u00bb1\/3&Prime; css=\u00a0\u00bb.vc_custom_1513048549225{padding-top: 90px !important;padding-right: 50px !important;padding-bottom: 50px !important;padding-left: 50px !important;background-color: #f2f2f3 !important;}\u00a0\u00bb][vc_column_text]<\/p>\n<h5 style=\"margin: 0 0 10px 0;\"><i class=\"fas fa-question-circle\"><\/i> Rappel<\/h5>\n<p class=\"vc_custom_heading align-left\">Vous pouvez demander un devis depuis votre ordinateur ou t\u00e9l\u00e9phone, ou nous vous attendons pour visiter notre bureau et discuter en d\u00e9tail &#8230;<\/p>\n<p>[\/vc_column_text][vc_empty_space height=\u00a0\u00bb50px\u00a0\u00bb][vc_column_text]<\/p>\n<h5 class=\"no-margin-top\"><i class=\"fas fa-phone\"><\/i> T\u00e9l\u00e9phone<\/h5>\n<p>[\/vc_column_text][vc_empty_space height=\u00a0\u00bb20px\u00a0\u00bb]<ul class=\"iconlist iconlist iconlist-icon-mini \"><li ><div class=\"iconlist-item-icon\"><img decoding=\"async\" src=\"https:\/\/www.muqeen.com\/fr\/wp-content\/uploads\/2020\/07\/800px-Flag_of_Turkey.png\" alt=\"800px-Flag_of_Turkey\" \/><span class=\"shapes\"><\/span><\/div><div class=\"iconlist-item-content\"><a href=\"tel:+905362000361\">+90 (536) 200 0361<\/a><\/div><\/li><\/ul>[vc_empty_space height=\u00a0\u00bb50px\u00a0\u00bb][vc_column_text]<\/p>\n<h5 style=\"margin: 0 0 10px 0;\"><i class=\"fas fa-map-marker\"><\/i> Adresse<\/h5>\n<p>Kavakl\u0131 mah. Hayati sok. no:44 Selimpa\u015fa \u0130stanbul \/ T\u00fcrkiye[\/vc_column_text][vc_empty_space height=\u00a0\u00bb50px\u00a0\u00bb][vc_column_text]<\/p>\n<h5 style=\"margin: 0 0 10px 0;\"><i class=\"fas fa-envelope\"><\/i> Courriel<\/h5>\n<p><a href=\"mailto:info@muqeen.com\">info@muqeen.com<\/a><br \/>\n<a href=\"mailto:kutanlar@hotmail.com\">kutanlar@hotmail.com<\/a>[\/vc_column_text][\/vc_column][\/vc_row]<\/p>\n","protected":false},"excerpt":{"rendered":"<p>[vc_row equal_height=\u00a0\u00bbyes\u00a0\u00bb css=\u00a0\u00bb.vc_custom_1595602388707{margin-right: 0px !important;margin-bottom: 20px !important;margin-left: 0px !important;}\u00a0\u00bb][vc_column width=\u00a0\u00bb2\/3&Prime; css=\u00a0\u00bb.vc_custom_1513048602768{background-color: #ffffff !important;}\u00a0\u00bb el_class=\u00a0\u00bbshadow\u00a0\u00bb][vc_empty_space height=\u00a0\u00bb50px\u00a0\u00bb][vc_row_inner][vc_column_inner width=\u00a0\u00bb1\/12&Prime;][\/vc_column_inner][vc_column_inner width=\u00a0\u00bb5\/6&Prime;][vc_column_text] Obtenez un devis maintenant [\/vc_column_text][vc_empty_space height=\u00a0\u00bb10px\u00a0\u00bb][vc_column_text] N&rsquo;h\u00e9sitez pas \u00e0 nous poser vos demandes ou pr\u00e9occupations. [\/vc_column_text][vc_empty_space height=\u00a0\u00bb35px\u00a0\u00bb][contact-form-7 id=\u00a0\u00bb1713&Prime;][vc_empty_space height=\u00a0\u00bb20px\u00a0\u00bb][vc_column_text] Vous pouvez utiliser info@muqeen.com pour contacter par e-mail.. [\/vc_column_text][\/vc_column_inner][vc_column_inner width=\u00a0\u00bb1\/12&Prime;][\/vc_column_inner][\/vc_row_inner][vc_empty_space height=\u00a0\u00bb90px\u00a0\u00bb][vc_column_text] O\u00f9 sommes-nous? [\/vc_column_text][vc_empty_space height=\u00a0\u00bb10px\u00a0\u00bb][vc_column_text] Kavakl\u0131 mah. Hayati sok. [&hellip;]<\/p>\n","protected":false},"author":1,"featured_media":0,"parent":0,"menu_order":0,"comment_status":"closed","ping_status":"closed","template":"","meta":{"footnotes":""},"aioseo_notices":[],"_links":{"self":[{"href":"https:\/\/www.muqeen.com\/fr\/wp-json\/wp\/v2\/pages\/2244"}],"collection":[{"href":"https:\/\/www.muqeen.com\/fr\/wp-json\/wp\/v2\/pages"}],"about":[{"href":"https:\/\/www.muqeen.com\/fr\/wp-json\/wp\/v2\/types\/page"}],"author":[{"embeddable":true,"href":"https:\/\/www.muqeen.com\/fr\/wp-json\/wp\/v2\/users\/1"}],"replies":[{"embeddable":true,"href":"https:\/\/www.muqeen.com\/fr\/wp-json\/wp\/v2\/comments?post=2244"}],"version-history":[{"count":8,"href":"https:\/\/www.muqeen.com\/fr\/wp-json\/wp\/v2\/pages\/2244\/revisions"}],"predecessor-version":[{"id":3572,"href":"https:\/\/www.muqeen.com\/fr\/wp-json\/wp\/v2\/pages\/2244\/revisions\/3572"}],"wp:attachment":[{"href":"https:\/\/www.muqeen.com\/fr\/wp-json\/wp\/v2\/media?parent=2244"}],"curies":[{"name":"wp","href":"https:\/\/api.w.org\/{rel}","templated":true}]}}