{"id":2297,"date":"2020-07-27T13:10:33","date_gmt":"2020-07-27T10:10:33","guid":{"rendered":"http:\/\/localhost\/muqeen\/?post_type=product&#038;p=2297"},"modified":"2021-11-29T16:27:38","modified_gmt":"2021-11-29T13:27:38","slug":"grue-fixe-a-ferraille","status":"publish","type":"product","link":"https:\/\/www.muqeen.com\/fr\/machine\/grue-fixe-a-ferraille","title":{"rendered":"Grue fixe \u00e0 ferraille"},"content":{"rendered":"<p>[vc_row][vc_column][vc_row_inner][vc_column_inner][vc_images_carousel images=\u00a0\u00bb3301,3302,3300&Prime; img_size=\u00a0\u00bbfull\u00a0\u00bb onclick=\u00a0\u00bblink_no\u00a0\u00bb speed=\u00a0\u00bb4000&Prime; autoplay=\u00a0\u00bbyes\u00a0\u00bb wrap=\u00a0\u00bbyes\u00a0\u00bb][\/vc_column_inner][\/vc_row_inner][vc_empty_space height=\u00a0\u00bb50px\u00a0\u00bb][\/vc_column][\/vc_row][vc_row][vc_column][vc_column_text]La grue fixe \u00e0 \u00e9lectrique de ferraille est produite dans les installations de collecte de ferraille, les installations de tri des d\u00e9chets, les usines de fer et d&rsquo;acier pour fournir une faible consommation, de faibles co\u00fbts d&rsquo;exploitation, une efficacit\u00e9 \u00e9lev\u00e9e et une facilit\u00e9 d&rsquo;utilisation.[\/vc_column_text][\/vc_column][\/vc_row][vc_row][vc_column][vc_empty_space height=\u00a0\u00bb50px\u00a0\u00bb][vc_column_text]<img loading=\"lazy\" decoding=\"async\" class=\"alignnone wp-image-3600\" src=\"https:\/\/www.muqeen.com\/fr\/wp-content\/uploads\/2020\/07\/Screen-Shot-2021-03-19-at-09.56.57.png\" alt=\"\" width=\"719\" height=\"382\" srcset=\"https:\/\/www.muqeen.com\/fr\/wp-content\/uploads\/2020\/07\/Screen-Shot-2021-03-19-at-09.56.57.png 794w, https:\/\/www.muqeen.com\/fr\/wp-content\/uploads\/2020\/07\/Screen-Shot-2021-03-19-at-09.56.57-300x159.png 300w, https:\/\/www.muqeen.com\/fr\/wp-content\/uploads\/2020\/07\/Screen-Shot-2021-03-19-at-09.56.57-768x408.png 768w, https:\/\/www.muqeen.com\/fr\/wp-content\/uploads\/2020\/07\/Screen-Shot-2021-03-19-at-09.56.57-600x319.png 600w\" sizes=\"(max-width: 719px) 100vw, 719px\" \/>[\/vc_column_text][\/vc_column][\/vc_row][vc_row][vc_column][vc_empty_space height=\u00a0\u00bb50px\u00a0\u00bb][vc_row_inner][vc_column_inner width=\u00a0\u00bb1\/3&Prime;][vc_single_image image=\u00a0\u00bb2616&Prime; img_size=\u00a0\u00bbfull\u00a0\u00bb alignment=\u00a0\u00bbcenter\u00a0\u00bb][\/vc_column_inner][vc_column_inner width=\u00a0\u00bb1\/3&Prime;][vc_single_image image=\u00a0\u00bb2617&Prime; img_size=\u00a0\u00bbfull\u00a0\u00bb alignment=\u00a0\u00bbcenter\u00a0\u00bb][\/vc_column_inner][vc_column_inner width=\u00a0\u00bb1\/3&Prime;][vc_single_image image=\u00a0\u00bb2619&Prime; img_size=\u00a0\u00bbfull\u00a0\u00bb alignment=\u00a0\u00bbcenter\u00a0\u00bb][\/vc_column_inner][\/vc_row_inner][vc_empty_space height=\u00a0\u00bb25px\u00a0\u00bb][vc_row_inner][vc_column_inner width=\u00a0\u00bb1\/3&Prime;][vc_single_image image=\u00a0\u00bb2615&Prime; img_size=\u00a0\u00bbfull\u00a0\u00bb alignment=\u00a0\u00bbcenter\u00a0\u00bb onclick=\u00a0\u00bbcustom_link\u00a0\u00bb link=\u00a0\u00bb\/fr\/catalogue-media\u00a0\u00bb][\/vc_column_inner][vc_column_inner width=\u00a0\u00bb1\/3&Prime;][vc_single_image image=\u00a0\u00bb2618&Prime; img_size=\u00a0\u00bbfull\u00a0\u00bb alignment=\u00a0\u00bbcenter\u00a0\u00bb onclick=\u00a0\u00bbcustom_link\u00a0\u00bb link=\u00a0\u00bb\/fr\/offre-de-prix\u00a0\u00bb][\/vc_column_inner][vc_column_inner width=\u00a0\u00bb1\/3&Prime;][vc_single_image image=\u00a0\u00bb2636&Prime; img_size=\u00a0\u00bbfull\u00a0\u00bb alignment=\u00a0\u00bbcenter\u00a0\u00bb onclick=\u00a0\u00bbcustom_link\u00a0\u00bb link=\u00a0\u00bb\/fr\/contact\u00a0\u00bb][\/vc_column_inner][\/vc_row_inner][vc_empty_space height=\u00a0\u00bb50px\u00a0\u00bb][vc_gallery type=\u00a0\u00bbimage_grid\u00a0\u00bb images=\u00a0\u00bb3302,3301,3300&Prime; img_size=\u00a0\u00bbfull\u00a0\u00bb][\/vc_column][\/vc_row]<\/p>\n","protected":false},"excerpt":{"rendered":"<p>La grue fixe \u00e0 \u00e9lectrique de ferraille est produite dans les installations de collecte de ferraille, les installations de tri des d\u00e9chets, les usines de fer et d&rsquo;acier pour fournir une faible consommation, de faibles co\u00fbts d&rsquo;exploitation, une efficacit\u00e9 \u00e9lev\u00e9e et une facilit\u00e9 d&rsquo;utilisation.<\/p>\n","protected":false},"featured_media":3303,"comment_status":"open","ping_status":"closed","template":"","meta":[],"product_cat":[143,139],"product_tag":[],"aioseo_notices":[],"_links":{"self":[{"href":"https:\/\/www.muqeen.com\/fr\/wp-json\/wp\/v2\/product\/2297"}],"collection":[{"href":"https:\/\/www.muqeen.com\/fr\/wp-json\/wp\/v2\/product"}],"about":[{"href":"https:\/\/www.muqeen.com\/fr\/wp-json\/wp\/v2\/types\/product"}],"replies":[{"embeddable":true,"href":"https:\/\/www.muqeen.com\/fr\/wp-json\/wp\/v2\/comments?post=2297"}],"wp:featuredmedia":[{"embeddable":true,"href":"https:\/\/www.muqeen.com\/fr\/wp-json\/wp\/v2\/media\/3303"}],"wp:attachment":[{"href":"https:\/\/www.muqeen.com\/fr\/wp-json\/wp\/v2\/media?parent=2297"}],"wp:term":[{"taxonomy":"product_cat","embeddable":true,"href":"https:\/\/www.muqeen.com\/fr\/wp-json\/wp\/v2\/product_cat?post=2297"},{"taxonomy":"product_tag","embeddable":true,"href":"https:\/\/www.muqeen.com\/fr\/wp-json\/wp\/v2\/product_tag?post=2297"}],"curies":[{"name":"wp","href":"https:\/\/api.w.org\/{rel}","templated":true}]}}