{"id":3013,"date":"2020-09-21T10:44:36","date_gmt":"2020-09-21T07:44:36","guid":{"rendered":"https:\/\/www.muqeen.com\/?post_type=product&#038;p=3013"},"modified":"2021-11-29T16:01:45","modified_gmt":"2021-11-29T13:01:45","slug":"separateurs-optiques","status":"publish","type":"product","link":"https:\/\/www.muqeen.com\/fr\/machine\/separateurs-optiques","title":{"rendered":"S\u00e9parateurs optiques"},"content":{"rendered":"<p>[vc_row][vc_column css=\u00a0\u00bb.vc_custom_1612943339448{margin-top: 0px !important;}\u00a0\u00bb][vc_empty_space height=\u00a0\u00bb15px\u00a0\u00bb][vc_row_inner][vc_column_inner][vc_images_carousel images=\u00a0\u00bb3283,3284&Prime; img_size=\u00a0\u00bbfull\u00a0\u00bb onclick=\u00a0\u00bblink_no\u00a0\u00bb speed=\u00a0\u00bb4000&Prime; autoplay=\u00a0\u00bbyes\u00a0\u00bb wrap=\u00a0\u00bbyes\u00a0\u00bb][\/vc_column_inner][\/vc_row_inner][vc_empty_space height=\u00a0\u00bb50px\u00a0\u00bb][\/vc_column][\/vc_row][vc_row][vc_column][vc_column_text css=\u00a0\u00bb.vc_custom_1616076703159{margin-top: -30px !important;}\u00a0\u00bb]<\/p>\n<h3 style=\"text-align: left;\">S\u00e9parateurs optiques<\/h3>\n<p>[\/vc_column_text][vc_empty_space height=\u00a0\u00bb15&Prime;][vc_column_text]Le s\u00e9parateur optique est l&rsquo;une des unit\u00e9s les plus importantes que l&rsquo;on devrait trouver dans les lignes de s\u00e9paration automatique des d\u00e9chets. Le flux de d\u00e9chets \u00e0 s\u00e9parer passe par le convoyeur d&rsquo;alimentation acc\u00e9l\u00e9r\u00e9e. Les d\u00e9chets \u00e0 s\u00e9parer sont pass\u00e9s \u00e0 travers dispers\u00e9s, distants les uns des autres et de mani\u00e8re qu&rsquo;une pi\u00e8ce n&rsquo;en recouvre pas une autre. 320 000 points de rayons infrarouges haute r\u00e9solution sont dirig\u00e9s vers les d\u00e9chets sur le convoyeur d&rsquo;alimentation acc\u00e9l\u00e9r\u00e9e. Les rayons r\u00e9fl\u00e9chis par les d\u00e9chets sur le convoyeur, les rayons qui d\u00e9terminent le spectre sp\u00e9cifique, la composition, la taille, la couleur, l&#8217;emplacement et la vitesse du mat\u00e9riau sur le convoyeur sont capt\u00e9s par des capteurs infrarouges. Le s\u00e9parateur optique enregistre 10 millions de param\u00e8tres par seconde. Lorsque les mat\u00e9riaux atteignent le dernier bord de la bande d&rsquo;alimentation, le bord tient avec des trous successifs d&rsquo;air comprim\u00e9. Chaque trou fonctionne ind\u00e9pendamment des autres trous. Lorsque le mat\u00e9riau \u00e0 s\u00e9parer des mat\u00e9riaux restants arrive sur le c\u00f4t\u00e9, la pression est souffl\u00e9e avec de l&rsquo;air \u00e0 la pression et au moment appropri\u00e9s \u00e0 partir du trou requis et le mat\u00e9riau est ventil\u00e9 des mat\u00e9riaux restants vers le lobe avant. Le s\u00e9parateur optique est programm\u00e9 en fonction de son utilisation pr\u00e9vue.<\/p>\n<p>Cliquez sur le lien ci-dessous pour la vid\u00e9o:<\/p>\n<p><a href=\"https:\/\/1drv.ms\/v\/s!AiZFm46zZENfgah3MDixVyKVsgHI3A?e=Hb9j07\">https:\/\/1drv.ms\/v\/s!AiZFm46zZENfgah3MDixVyKVsgHI3A?e=Hb9j07<\/a>[\/vc_column_text][\/vc_column][\/vc_row][vc_row][vc_column][vc_empty_space height=\u00a0\u00bb50px\u00a0\u00bb][vc_row_inner][vc_column_inner width=\u00a0\u00bb1\/3&Prime;][vc_single_image image=\u00a0\u00bb2616&Prime; img_size=\u00a0\u00bbfull\u00a0\u00bb alignment=\u00a0\u00bbcenter\u00a0\u00bb][\/vc_column_inner][vc_column_inner width=\u00a0\u00bb1\/3&Prime;][vc_single_image image=\u00a0\u00bb2617&Prime; img_size=\u00a0\u00bbfull\u00a0\u00bb alignment=\u00a0\u00bbcenter\u00a0\u00bb][\/vc_column_inner][vc_column_inner width=\u00a0\u00bb1\/3&Prime;][vc_single_image image=\u00a0\u00bb2619&Prime; img_size=\u00a0\u00bbfull\u00a0\u00bb alignment=\u00a0\u00bbcenter\u00a0\u00bb][\/vc_column_inner][\/vc_row_inner][vc_empty_space height=\u00a0\u00bb25px\u00a0\u00bb][vc_row_inner][vc_column_inner width=\u00a0\u00bb1\/3&Prime;][vc_single_image image=\u00a0\u00bb2615&Prime; img_size=\u00a0\u00bbfull\u00a0\u00bb alignment=\u00a0\u00bbcenter\u00a0\u00bb onclick=\u00a0\u00bbcustom_link\u00a0\u00bb link=\u00a0\u00bb\/fr\/catalogue-media\u00a0\u00bb][\/vc_column_inner][vc_column_inner width=\u00a0\u00bb1\/3&Prime;][vc_single_image image=\u00a0\u00bb2618&Prime; img_size=\u00a0\u00bbfull\u00a0\u00bb alignment=\u00a0\u00bbcenter\u00a0\u00bb onclick=\u00a0\u00bbcustom_link\u00a0\u00bb link=\u00a0\u00bb\/fr\/offre-de-prix\u00a0\u00bb][\/vc_column_inner][vc_column_inner width=\u00a0\u00bb1\/3&Prime;][vc_single_image image=\u00a0\u00bb2636&Prime; img_size=\u00a0\u00bbfull\u00a0\u00bb alignment=\u00a0\u00bbcenter\u00a0\u00bb onclick=\u00a0\u00bbcustom_link\u00a0\u00bb link=\u00a0\u00bb\/fr\/contact\u00a0\u00bb][\/vc_column_inner][\/vc_row_inner][vc_empty_space height=\u00a0\u00bb50px\u00a0\u00bb][vc_gallery type=\u00a0\u00bbimage_grid\u00a0\u00bb images=\u00a0\u00bb3076,3077,3281&Prime; img_size=\u00a0\u00bbfull\u00a0\u00bb][\/vc_column][\/vc_row]<\/p>\n","protected":false},"excerpt":{"rendered":"<p>[vc_row][vc_column css=\u00a0\u00bb.vc_custom_1612943339448{margin-top: 0px !important;}\u00a0\u00bb][vc_empty_space height=\u00a0\u00bb15px\u00a0\u00bb][vc_row_inner][vc_column_inner][vc_images_carousel images=\u00a0\u00bb3283,3284&Prime; img_size=\u00a0\u00bbfull\u00a0\u00bb onclick=\u00a0\u00bblink_no\u00a0\u00bb speed=\u00a0\u00bb4000&Prime; autoplay=\u00a0\u00bbyes\u00a0\u00bb wrap=\u00a0\u00bbyes\u00a0\u00bb][\/vc_column_inner][\/vc_row_inner][vc_empty_space height=\u00a0\u00bb50px\u00a0\u00bb][\/vc_column][\/vc_row][vc_row][vc_column][vc_column_text css=\u00a0\u00bb.vc_custom_1616076703159{margin-top: -30px !important;}\u00a0\u00bb] S\u00e9parateurs optiques [\/vc_column_text][vc_empty_space height=\u00a0\u00bb15&Prime;][vc_column_text]Le s\u00e9parateur optique est l&rsquo;une des unit\u00e9s les plus importantes que l&rsquo;on devrait trouver dans les lignes de s\u00e9paration automatique des d\u00e9chets. Le flux de d\u00e9chets \u00e0 s\u00e9parer passe par le convoyeur d&rsquo;alimentation acc\u00e9l\u00e9r\u00e9e. Les d\u00e9chets \u00e0 [&hellip;]<\/p>\n","protected":false},"featured_media":3285,"comment_status":"open","ping_status":"closed","template":"","meta":[],"product_cat":[139,120],"product_tag":[],"aioseo_notices":[],"_links":{"self":[{"href":"https:\/\/www.muqeen.com\/fr\/wp-json\/wp\/v2\/product\/3013"}],"collection":[{"href":"https:\/\/www.muqeen.com\/fr\/wp-json\/wp\/v2\/product"}],"about":[{"href":"https:\/\/www.muqeen.com\/fr\/wp-json\/wp\/v2\/types\/product"}],"replies":[{"embeddable":true,"href":"https:\/\/www.muqeen.com\/fr\/wp-json\/wp\/v2\/comments?post=3013"}],"wp:featuredmedia":[{"embeddable":true,"href":"https:\/\/www.muqeen.com\/fr\/wp-json\/wp\/v2\/media\/3285"}],"wp:attachment":[{"href":"https:\/\/www.muqeen.com\/fr\/wp-json\/wp\/v2\/media?parent=3013"}],"wp:term":[{"taxonomy":"product_cat","embeddable":true,"href":"https:\/\/www.muqeen.com\/fr\/wp-json\/wp\/v2\/product_cat?post=3013"},{"taxonomy":"product_tag","embeddable":true,"href":"https:\/\/www.muqeen.com\/fr\/wp-json\/wp\/v2\/product_tag?post=3013"}],"curies":[{"name":"wp","href":"https:\/\/api.w.org\/{rel}","templated":true}]}}