{"id":3427,"date":"2021-02-01T18:43:20","date_gmt":"2021-02-01T15:43:20","guid":{"rendered":"https:\/\/www.muqeen.com\/?post_type=product&#038;p=3427"},"modified":"2021-11-29T15:55:17","modified_gmt":"2021-11-29T12:55:17","slug":"machine-a-denuder-les-cables-de-140-mm","status":"publish","type":"product","link":"https:\/\/www.muqeen.com\/fr\/machine\/machine-a-denuder-les-cables-de-140-mm","title":{"rendered":"Machine \u00e0 d\u00e9nuder les c\u00e2bles de 140 mm"},"content":{"rendered":"<p>[vc_row][vc_column][vc_row_inner][vc_column_inner width=\u00a0\u00bb1\/6&Prime;][\/vc_column_inner][vc_column_inner width=\u00a0\u00bb2\/3&Prime;][vc_images_carousel images=\u00a0\u00bb2765,2766&Prime; img_size=\u00a0\u00bbfull\u00a0\u00bb onclick=\u00a0\u00bblink_no\u00a0\u00bb speed=\u00a0\u00bb4000&Prime; autoplay=\u00a0\u00bbyes\u00a0\u00bb wrap=\u00a0\u00bbyes\u00a0\u00bb][\/vc_column_inner][vc_column_inner width=\u00a0\u00bb1\/6&Prime;][\/vc_column_inner][\/vc_row_inner][vc_empty_space height=\u00a0\u00bb50px\u00a0\u00bb][\/vc_column][\/vc_row][vc_row][vc_column][vc_column_text]<\/p>\n<p style=\"text-align: center;\"><strong>Machine \u00e0 d\u00e9nuder les c\u00e2bles de 140 mm<\/strong><\/p>\n<p style=\"text-align: center;\">Vous pouvez facilement d\u00e9nuder les c\u00e2bles d&rsquo;\u00e9nergie de 1 mm \u00e0 140 mm gr\u00e2ce aux lames au ttr, \u00e0 l&rsquo;ancien, en plastique dur, au c\u00e2ble de gaz, au c\u00e2ble \u00e0 sangle, \u00e0 petite ou grande \u00e9chelle souterraine ou en position basse et haute.<\/p>\n<p style=\"text-align: center;\"><strong>Caract\u00e9ristiques techniques de la machine \u00e0 d\u00e9nuder les c\u00e2bles de 140 mm :<\/strong><\/p>\n<p>&nbsp;<\/p>\n<p><img loading=\"lazy\" decoding=\"async\" class=\"alignnone size-full wp-image-3588\" src=\"https:\/\/www.muqeen.com\/fr\/wp-content\/uploads\/2021\/02\/Screen-Shot-2021-03-18-at-16.47.02.png\" alt=\"\" width=\"708\" height=\"262\" srcset=\"https:\/\/www.muqeen.com\/fr\/wp-content\/uploads\/2021\/02\/Screen-Shot-2021-03-18-at-16.47.02.png 708w, https:\/\/www.muqeen.com\/fr\/wp-content\/uploads\/2021\/02\/Screen-Shot-2021-03-18-at-16.47.02-300x111.png 300w, https:\/\/www.muqeen.com\/fr\/wp-content\/uploads\/2021\/02\/Screen-Shot-2021-03-18-at-16.47.02-600x222.png 600w\" sizes=\"(max-width: 708px) 100vw, 708px\" \/>[\/vc_column_text][\/vc_column][\/vc_row][vc_row][vc_column][vc_empty_space height=\u00a0\u00bb50px\u00a0\u00bb][vc_row_inner][vc_column_inner width=\u00a0\u00bb1\/3&Prime;][vc_single_image image=\u00a0\u00bb2616&Prime; img_size=\u00a0\u00bbfull\u00a0\u00bb alignment=\u00a0\u00bbcenter\u00a0\u00bb][\/vc_column_inner][vc_column_inner width=\u00a0\u00bb1\/3&Prime;][vc_single_image image=\u00a0\u00bb2617&Prime; img_size=\u00a0\u00bbfull\u00a0\u00bb alignment=\u00a0\u00bbcenter\u00a0\u00bb][\/vc_column_inner][vc_column_inner width=\u00a0\u00bb1\/3&Prime;][vc_single_image image=\u00a0\u00bb2619&Prime; img_size=\u00a0\u00bbfull\u00a0\u00bb alignment=\u00a0\u00bbcenter\u00a0\u00bb][\/vc_column_inner][\/vc_row_inner][vc_empty_space height=\u00a0\u00bb25px\u00a0\u00bb][vc_row_inner][vc_column_inner width=\u00a0\u00bb1\/3&Prime;][vc_single_image image=\u00a0\u00bb2615&Prime; img_size=\u00a0\u00bbfull\u00a0\u00bb alignment=\u00a0\u00bbcenter\u00a0\u00bb onclick=\u00a0\u00bbcustom_link\u00a0\u00bb link=\u00a0\u00bb\/fr\/catalogue-media\u00a0\u00bb][\/vc_column_inner][vc_column_inner width=\u00a0\u00bb1\/3&Prime;][vc_single_image image=\u00a0\u00bb2618&Prime; img_size=\u00a0\u00bbfull\u00a0\u00bb alignment=\u00a0\u00bbcenter\u00a0\u00bb onclick=\u00a0\u00bbcustom_link\u00a0\u00bb link=\u00a0\u00bb\/fr\/offre-de-prix\u00a0\u00bb][\/vc_column_inner][vc_column_inner width=\u00a0\u00bb1\/3&Prime;][vc_single_image image=\u00a0\u00bb2636&Prime; img_size=\u00a0\u00bbfull\u00a0\u00bb alignment=\u00a0\u00bbcenter\u00a0\u00bb onclick=\u00a0\u00bbcustom_link\u00a0\u00bb link=\u00a0\u00bb\/fr\/contact\u00a0\u00bb][\/vc_column_inner][\/vc_row_inner][vc_empty_space height=\u00a0\u00bb50px\u00a0\u00bb][vc_gallery type=\u00a0\u00bbimage_grid\u00a0\u00bb images=\u00a0\u00bb2765,2766&Prime; img_size=\u00a0\u00bbfull\u00a0\u00bb][\/vc_column][\/vc_row]<\/p>\n","protected":false},"excerpt":{"rendered":"<p style=\"text-align: center;\">Vous pouvez facilement d\u00e9nuder les c\u00e2bles d&rsquo;\u00e9nergie de 1 mm \u00e0 140 mm gr\u00e2ce aux lames au ttr, \u00e0 l&rsquo;ancien, en plastique dur, au c\u00e2ble de gaz, au c\u00e2ble \u00e0 sangle, \u00e0 petite ou grande \u00e9chelle souterraine ou en position basse et haute.<\/p>\n","protected":false},"featured_media":2360,"comment_status":"open","ping_status":"closed","template":"","meta":[],"product_cat":[136,130,112],"product_tag":[],"aioseo_notices":[],"_links":{"self":[{"href":"https:\/\/www.muqeen.com\/fr\/wp-json\/wp\/v2\/product\/3427"}],"collection":[{"href":"https:\/\/www.muqeen.com\/fr\/wp-json\/wp\/v2\/product"}],"about":[{"href":"https:\/\/www.muqeen.com\/fr\/wp-json\/wp\/v2\/types\/product"}],"replies":[{"embeddable":true,"href":"https:\/\/www.muqeen.com\/fr\/wp-json\/wp\/v2\/comments?post=3427"}],"wp:featuredmedia":[{"embeddable":true,"href":"https:\/\/www.muqeen.com\/fr\/wp-json\/wp\/v2\/media\/2360"}],"wp:attachment":[{"href":"https:\/\/www.muqeen.com\/fr\/wp-json\/wp\/v2\/media?parent=3427"}],"wp:term":[{"taxonomy":"product_cat","embeddable":true,"href":"https:\/\/www.muqeen.com\/fr\/wp-json\/wp\/v2\/product_cat?post=3427"},{"taxonomy":"product_tag","embeddable":true,"href":"https:\/\/www.muqeen.com\/fr\/wp-json\/wp\/v2\/product_tag?post=3427"}],"curies":[{"name":"wp","href":"https:\/\/api.w.org\/{rel}","templated":true}]}}